{"id":1164,"date":"2023-12-19T00:06:34","date_gmt":"2023-12-18T23:06:34","guid":{"rendered":"https:\/\/agadir-tennis.com\/?page_id=1164"},"modified":"2023-12-26T03:19:41","modified_gmt":"2023-12-26T02:19:41","slug":"donnees-personnelles-rgpd","status":"publish","type":"page","link":"https:\/\/agadir-tennis.com\/it\/donnees-personnelles-rgpd\/","title":{"rendered":"Dati personali (RGPD)"},"content":{"rendered":"<div data-elementor-type=\"wp-page\" data-elementor-id=\"1164\" class=\"elementor elementor-1164\" data-elementor-post-type=\"page\">\n\t\t\t\t<div class=\"elementor-element elementor-element-6f1f23b e-flex e-con-boxed e-con e-parent\" data-id=\"6f1f23b\" data-element_type=\"container\" data-e-type=\"container\" data-settings=\"{&quot;ekit_has_onepagescroll_dot&quot;:&quot;yes&quot;}\">\n\t\t\t\t\t<div class=\"e-con-inner\">\n\t\t\t\t<div class=\"elementor-element elementor-element-eb9f957 elementor-widget__width-initial elementor-widget elementor-widget-elementskit-heading\" data-id=\"eb9f957\" data-element_type=\"widget\" data-e-type=\"widget\" data-settings=\"{&quot;ekit_we_effect_on&quot;:&quot;none&quot;}\" data-widget_type=\"elementskit-heading.default\">\n\t\t\t\t\t<div class=\"ekit-wid-con\" ><div class=\"ekit-heading elementskit-section-title-wraper text_center   ekit_heading_tablet-   ekit_heading_mobile-\"><div class=\"ekit_heading_separetor_wraper ekit_heading_elementskit-border-divider elementskit-style-long\"><div class=\"elementskit-border-divider elementskit-style-long\"><\/div><\/div><h2 class=\"ekit-heading--title elementskit-section-title\">Gestione dei dati personali (rgpd)<\/h2><\/div><\/div>\t\t\t\t<\/div>\n\t\t\t\t\t<\/div>\n\t\t\t\t<\/div>\n\t\t<div class=\"elementor-element elementor-element-e118bec e-flex e-con-boxed e-con e-parent\" data-id=\"e118bec\" data-element_type=\"container\" data-e-type=\"container\" data-settings=\"{&quot;ekit_has_onepagescroll_dot&quot;:&quot;yes&quot;}\">\n\t\t\t\t\t<div class=\"e-con-inner\">\n\t\t\t\t<div class=\"elementor-element elementor-element-fa68255 elementor-widget elementor-widget-text-editor\" data-id=\"fa68255\" data-element_type=\"widget\" data-e-type=\"widget\" data-settings=\"{&quot;ekit_we_effect_on&quot;:&quot;none&quot;}\" data-widget_type=\"text-editor.default\">\n\t\t\t\t\t\t\t\t\t<p>La presente Informativa sulla privacy illustra le modalit\u00e0 di gestione dei dati personali da parte del Club Tennis Agadir Training in conformit\u00e0 al Regolamento generale sulla protezione dei dati (GDPR) sul proprio sito web. <a href=\"https:\/\/agadir-tennis.com\/it\/\" target=\"_new\">www.agadir-tennis.com<\/a>. Ci impegniamo a proteggere la vostra privacy e a garantire la riservatezza e la sicurezza dei vostri dati personali.<\/p><p><strong>1. Raccolta e utilizzo dei dati personali :<\/strong><\/p><p>Raccogliamo i dati personali in modo trasparente e legittimo, solo per gli scopi esplicitamente indicati. I dati raccolti possono includere, tra l'altro, il nome, l'indirizzo e-mail, il numero di telefono e le informazioni relative all'iscrizione al Club Tennis Agadir Training.<\/p><p>Utilizziamo queste informazioni per gestire la vostra iscrizione, tenervi informati sulle nostre attivit\u00e0, migliorare il nostro sito web e rispondere alle vostre richieste.<\/p><p><strong>2. Base giuridica del trattamento :<\/strong><\/p><p>Trattiamo i vostri dati personali su una delle basi giuridiche previste dal GDPR, in particolare quando il trattamento \u00e8 necessario per l'esecuzione di un contratto, il rispetto di un obbligo legale, la protezione di interessi vitali, il consenso dell'interessato, l'esecuzione di un compito svolto nell'interesse pubblico o nell'esercizio di pubblici poteri, o ai fini dei legittimi interessi perseguiti dal Club Tennis Agadir Training.<\/p><p><strong>3. Conservazione dei dati:<\/strong><\/p><p>Conserviamo i vostri dati personali per il periodo necessario agli scopi per cui sono stati raccolti e in conformit\u00e0 ai nostri obblighi legali.<\/p><p><strong>4. Sicurezza dei dati:<\/strong><\/p><p>Implementiamo misure di sicurezza tecniche e organizzative adeguate per proteggere i vostri dati personali da accessi, divulgazioni, alterazioni o distruzioni non autorizzate.<\/p><p><strong>5. Diritti delle persone interessate :<\/strong><\/p><p>Avete il diritto di accedere ai vostri dati personali, di rettificarli, di cancellarli, di limitarne il trattamento, di opporvi al trattamento e di richiedere la portabilit\u00e0 dei vostri dati. Avete inoltre il diritto di revocare il vostro consenso qualora il trattamento sia basato sul consenso.<\/p><p><strong>6. Cookie e tecnologie simili :<\/strong><\/p><p>Per saperne di pi\u00f9 sull'uso dei cookie sul nostro sito web, consultate la nostra Politica sui cookie.<\/p><p><strong>7. Collegamenti a siti di terzi :<\/strong><\/p><p>Il nostro sito web pu\u00f2 contenere link a siti di terzi. Non siamo responsabili delle pratiche sulla privacy di tali siti e vi invitiamo a leggere le loro politiche sulla privacy.<\/p><p><strong>Contatto:<\/strong><\/p><p>In caso di domande o dubbi sulla presente Informativa sulla privacy, si prega di contattarci all'indirizzo hello@agadir-tennis.com.<\/p><p>Ultimo aggiornamento: 18\/12\/2023<\/p><p>Grazie per la vostra fiducia e comprensione.<\/p><p>Club Tennis Agadir Formazione<br \/><em>www.agadir-tennis.com<\/em><\/p>\t\t\t\t\t\t\t\t<\/div>\n\t\t\t\t\t<\/div>\n\t\t\t\t<\/div>\n\t\t\t\t<\/div>","protected":false},"excerpt":{"rendered":"<p>Gestion des donn\u00e9es personnelles (rgpd) La pr\u00e9sente Politique de Confidentialit\u00e9 explique comment le Club Tennis Agadir Training g\u00e8re les donn\u00e9es personnelles conform\u00e9ment au R\u00e8glement G\u00e9n\u00e9ral sur la Protection des Donn\u00e9es (RGPD) sur son site web www.agadir-tennis.com. Nous sommes d\u00e9termin\u00e9s \u00e0 prot\u00e9ger votre vie priv\u00e9e et \u00e0 garantir la confidentialit\u00e9 et la s\u00e9curit\u00e9 de vos donn\u00e9es [&hellip;]<\/p>\n","protected":false},"author":1,"featured_media":0,"parent":0,"menu_order":2,"comment_status":"closed","ping_status":"closed","template":"elementor_header_footer","meta":{"footnotes":""},"class_list":["post-1164","page","type-page","status-publish","hentry"],"_links":{"self":[{"href":"https:\/\/agadir-tennis.com\/it\/wp-json\/wp\/v2\/pages\/1164","targetHints":{"allow":["GET"]}}],"collection":[{"href":"https:\/\/agadir-tennis.com\/it\/wp-json\/wp\/v2\/pages"}],"about":[{"href":"https:\/\/agadir-tennis.com\/it\/wp-json\/wp\/v2\/types\/page"}],"author":[{"embeddable":true,"href":"https:\/\/agadir-tennis.com\/it\/wp-json\/wp\/v2\/users\/1"}],"replies":[{"embeddable":true,"href":"https:\/\/agadir-tennis.com\/it\/wp-json\/wp\/v2\/comments?post=1164"}],"version-history":[{"count":0,"href":"https:\/\/agadir-tennis.com\/it\/wp-json\/wp\/v2\/pages\/1164\/revisions"}],"wp:attachment":[{"href":"https:\/\/agadir-tennis.com\/it\/wp-json\/wp\/v2\/media?parent=1164"}],"curies":[{"name":"wp","href":"https:\/\/api.w.org\/{rel}","templated":true}]}}