{"id":1152,"date":"2023-12-19T00:03:20","date_gmt":"2023-12-18T23:03:20","guid":{"rendered":"https:\/\/agadir-tennis.com\/?page_id=1152"},"modified":"2024-01-01T03:33:21","modified_gmt":"2024-01-01T02:33:21","slug":"cookies","status":"publish","type":"page","link":"https:\/\/agadir-tennis.com\/it\/cookies\/","title":{"rendered":"Biscotti"},"content":{"rendered":"<div data-elementor-type=\"wp-page\" data-elementor-id=\"1152\" class=\"elementor elementor-1152\" data-elementor-post-type=\"page\">\n\t\t\t\t<div class=\"elementor-element elementor-element-ffc7a28 e-flex e-con-boxed e-con e-parent\" data-id=\"ffc7a28\" data-element_type=\"container\" data-e-type=\"container\" data-settings=\"{&quot;ekit_has_onepagescroll_dot&quot;:&quot;yes&quot;}\">\n\t\t\t\t\t<div class=\"e-con-inner\">\n\t\t\t\t<div class=\"elementor-element elementor-element-3f6d286 elementor-widget__width-initial elementor-widget elementor-widget-elementskit-heading\" data-id=\"3f6d286\" data-element_type=\"widget\" data-e-type=\"widget\" data-settings=\"{&quot;ekit_we_effect_on&quot;:&quot;none&quot;}\" data-widget_type=\"elementskit-heading.default\">\n\t\t\t\t\t<div class=\"ekit-wid-con\" ><div class=\"ekit-heading elementskit-section-title-wraper text_center   ekit_heading_tablet-   ekit_heading_mobile-\"><div class=\"ekit_heading_separetor_wraper ekit_heading_elementskit-border-divider elementskit-style-long\"><div class=\"elementskit-border-divider elementskit-style-long\"><\/div><\/div><h2 class=\"ekit-heading--title elementskit-section-title\">Politica dei cookie del Club Tennis Agadir Training<\/h2><\/div><\/div>\t\t\t\t<\/div>\n\t\t\t\t\t<\/div>\n\t\t\t\t<\/div>\n\t\t<div class=\"elementor-element elementor-element-0f54559 e-flex e-con-boxed e-con e-parent\" data-id=\"0f54559\" data-element_type=\"container\" data-e-type=\"container\" data-settings=\"{&quot;ekit_has_onepagescroll_dot&quot;:&quot;yes&quot;}\">\n\t\t\t\t\t<div class=\"e-con-inner\">\n\t\t\t\t<div class=\"elementor-element elementor-element-4601b2f elementor-widget elementor-widget-text-editor\" data-id=\"4601b2f\" data-element_type=\"widget\" data-e-type=\"widget\" data-settings=\"{&quot;ekit_we_effect_on&quot;:&quot;none&quot;}\" data-widget_type=\"text-editor.default\">\n\t\t\t\t\t\t\t\t\t<p>La presente Informativa sulla privacy ha lo scopo di informare l'utente su come il Club Tennis Agadir Training raccoglie, utilizza, condivide e protegge i dati personali che l'utente ci fornisce attraverso il sito web www.agadir-tennis.com. La vostra privacy \u00e8 importante per noi e ci impegniamo a gestire le vostre informazioni in modo trasparente e sicuro.<\/p><p>Utilizzando il nostro sito web, l'utente accetta i termini della presente Informativa sulla privacy.<\/p><p><strong>Raccolta di informazioni personali :<\/strong><\/p><p>Quando visitate il nostro sito web, possiamo raccogliere informazioni personali come nome, indirizzo e-mail, numero di telefono e altri dati simili che scegliete volontariamente di fornirci.<\/p><p><strong>Utilizzo delle informazioni personali :<\/strong><\/p><p>Utilizziamo le informazioni personali raccolte per i seguenti scopi:<\/p><p>Gestite la vostra iscrizione all'Agadir Training Tennis Club.<br \/>Inviare informazioni su eventi, corsi, corsi di formazione e altre attivit\u00e0 del club.<br \/>Risposta alle vostre richieste di informazioni o di contatto.<br \/>Migliorare il nostro sito web e i nostri servizi.<\/p><p><strong>Protezione delle informazioni personali :<\/strong><\/p><p>Implementiamo misure di sicurezza adeguate per proteggere i vostri dati personali da accessi, divulgazioni, alterazioni o distruzioni non autorizzate.<\/p><p><strong>Condivisione di informazioni personali :<\/strong><\/p><p>Non vendiamo, affittiamo o condividiamo le vostre informazioni personali con terze parti, tranne nei casi seguenti:<\/p><p>Se \u00e8 necessario rispondere alle vostre richieste o fornire i servizi da voi richiesti.<br \/>Se ci viene richiesto per legge dalle autorit\u00e0 competenti.<br \/>Con il vostro esplicito consenso.<br \/><strong>Cookie e tecnologie simili :<\/strong><\/p><p>Il nostro sito web pu\u00f2 utilizzare cookie e altre tecnologie simili per migliorare la vostra esperienza online. \u00c8 possibile impostare il proprio browser in modo da rifiutare i cookie, ma ci\u00f2 potrebbe compromettere alcune funzionalit\u00e0 del nostro sito.<\/p><p><strong>Collegamenti a siti di terzi :<\/strong><\/p><p>Il nostro sito web pu\u00f2 contenere link a siti web di terzi. La presente Informativa sulla privacy non si applica a tali siti e vi invitiamo a consultare le informative sulla privacy di tali terze parti.<\/p><p><strong>Modifica dell'Informativa sulla privacy :<\/strong><\/p><p>Ci riserviamo il diritto di aggiornare o modificare la presente Informativa sulla privacy in qualsiasi momento. Le modifiche saranno pubblicate su questa pagina e la data dell'ultimo aggiornamento apparir\u00e0 in cima alla pagina.<\/p><p><strong>Contatto:<\/strong><\/p><p>In caso di domande o dubbi sulla presente Informativa sulla privacy, si prega di contattarci all'indirizzo hello@agadir-tennis.com.<\/p><p>Ultimo aggiornamento: 18\/12\/2023<\/p><p>Grazie per la vostra fiducia e comprensione.<\/p><p>Club Tennis Agadir Formazione<br \/><em>www.agadir-tennis.com<\/em><\/p>\t\t\t\t\t\t\t\t<\/div>\n\t\t\t\t\t<\/div>\n\t\t\t\t<\/div>\n\t\t\t\t<\/div>","protected":false},"excerpt":{"rendered":"<p>Politique en mati\u00e8re de Cookies du Club Tennis Agadir Training La pr\u00e9sente Politique de Confidentialit\u00e9 a pour objectif de vous informer sur la mani\u00e8re dont le Club Tennis Agadir Training collecte, utilise, partage et prot\u00e8ge les donn\u00e9es personnelles que vous nous fournissez via le site web www.agadir-tennis.com. Nous attachons une grande importance \u00e0 la protection [&hellip;]<\/p>\n","protected":false},"author":1,"featured_media":0,"parent":0,"menu_order":3,"comment_status":"closed","ping_status":"closed","template":"elementor_header_footer","meta":{"footnotes":""},"class_list":["post-1152","page","type-page","status-publish","hentry"],"_links":{"self":[{"href":"https:\/\/agadir-tennis.com\/it\/wp-json\/wp\/v2\/pages\/1152","targetHints":{"allow":["GET"]}}],"collection":[{"href":"https:\/\/agadir-tennis.com\/it\/wp-json\/wp\/v2\/pages"}],"about":[{"href":"https:\/\/agadir-tennis.com\/it\/wp-json\/wp\/v2\/types\/page"}],"author":[{"embeddable":true,"href":"https:\/\/agadir-tennis.com\/it\/wp-json\/wp\/v2\/users\/1"}],"replies":[{"embeddable":true,"href":"https:\/\/agadir-tennis.com\/it\/wp-json\/wp\/v2\/comments?post=1152"}],"version-history":[{"count":0,"href":"https:\/\/agadir-tennis.com\/it\/wp-json\/wp\/v2\/pages\/1152\/revisions"}],"wp:attachment":[{"href":"https:\/\/agadir-tennis.com\/it\/wp-json\/wp\/v2\/media?parent=1152"}],"curies":[{"name":"wp","href":"https:\/\/api.w.org\/{rel}","templated":true}]}}