{"id":1143,"date":"2023-12-18T23:56:26","date_gmt":"2023-12-18T22:56:26","guid":{"rendered":"https:\/\/agadir-tennis.com\/?page_id=1143"},"modified":"2023-12-26T03:20:27","modified_gmt":"2023-12-26T02:20:27","slug":"politique-de-confidentialite","status":"publish","type":"page","link":"https:\/\/agadir-tennis.com\/it\/politique-de-confidentialite\/","title":{"rendered":"Informativa sulla privacy"},"content":{"rendered":"<div data-elementor-type=\"wp-page\" data-elementor-id=\"1143\" class=\"elementor elementor-1143\" data-elementor-post-type=\"page\">\n\t\t\t\t<div class=\"elementor-element elementor-element-c84c615 e-flex e-con-boxed e-con e-parent\" data-id=\"c84c615\" data-element_type=\"container\" data-e-type=\"container\" data-settings=\"{&quot;ekit_has_onepagescroll_dot&quot;:&quot;yes&quot;}\">\n\t\t\t\t\t<div class=\"e-con-inner\">\n\t\t\t\t<div class=\"elementor-element elementor-element-3c86c96 elementor-widget__width-initial elementor-widget elementor-widget-elementskit-heading\" data-id=\"3c86c96\" data-element_type=\"widget\" data-e-type=\"widget\" data-settings=\"{&quot;ekit_we_effect_on&quot;:&quot;none&quot;}\" data-widget_type=\"elementskit-heading.default\">\n\t\t\t\t\t<div class=\"ekit-wid-con\" ><div class=\"ekit-heading elementskit-section-title-wraper text_center   ekit_heading_tablet-   ekit_heading_mobile-\"><div class=\"ekit_heading_separetor_wraper ekit_heading_elementskit-border-divider elementskit-style-long\"><div class=\"elementskit-border-divider elementskit-style-long\"><\/div><\/div><h2 class=\"ekit-heading--title elementskit-section-title\">Agadir Training Tennis Club Gestione dei cookie<\/h2><\/div><\/div>\t\t\t\t<\/div>\n\t\t\t\t\t<\/div>\n\t\t\t\t<\/div>\n\t\t<div class=\"elementor-element elementor-element-99127e7 e-flex e-con-boxed e-con e-parent\" data-id=\"99127e7\" data-element_type=\"container\" data-e-type=\"container\" data-settings=\"{&quot;ekit_has_onepagescroll_dot&quot;:&quot;yes&quot;}\">\n\t\t\t\t\t<div class=\"e-con-inner\">\n\t\t\t\t<div class=\"elementor-element elementor-element-65d25e7 elementor-widget elementor-widget-text-editor\" data-id=\"65d25e7\" data-element_type=\"widget\" data-e-type=\"widget\" data-settings=\"{&quot;ekit_we_effect_on&quot;:&quot;none&quot;}\" data-widget_type=\"text-editor.default\">\n\t\t\t\t\t\t\t\t\t<p>La presente informativa sui cookie spiega come il Club Tennis Agadir Training utilizza i cookie e tecnologie simili sul proprio sito web. <a href=\"https:\/\/agadir-tennis.com\/it\/\" target=\"_new\">www.agadir-tennis.com<\/a>. Utilizzando il nostro sito web, acconsentite all'uso dei cookie in conformit\u00e0 con questa politica.<\/p><p><strong>Che cos'\u00e8 un biscotto?<\/strong><\/p><p>Un cookie \u00e8 un piccolo file di testo che viene memorizzato sul vostro computer o dispositivo mobile quando visitate un sito web. I cookie sono ampiamente utilizzati per rendere i siti web pi\u00f9 efficienti e migliorare l'esperienza dell'utente, consentendo al sito di ricordare l'utente, sia per la durata della visita (cookie di sessione) sia per visite ripetute (cookie persistenti).<\/p><p><strong>Come utilizziamo i cookie?<\/strong><\/p><p>Utilizziamo i cookie per una serie di scopi, tra cui :<\/p><ul><li>Per garantire il buon funzionamento del nostro sito web.<\/li><li>Analizzare il modo in cui gli utenti interagiscono con il nostro sito al fine di migliorarne il contenuto e la facilit\u00e0 d'uso.<\/li><li>Personalizzare l'esperienza di navigazione ricordando le preferenze dell'utente.<\/li><\/ul><p><strong>Tipi di cookie utilizzati :<\/strong><\/p><ol><li><p><strong>Biscotti essenziali :<\/strong> Questi cookie sono necessari per il funzionamento del nostro sito web. Comprendono, ad esempio, i cookie che consentono di collegarsi ad aree sicure del nostro sito.<\/p><\/li><li><p><strong>Cookie analitici :<\/strong> Questi cookie ci aiutano a capire come i visitatori interagiscono con il nostro sito, raccogliendo informazioni in forma anonima. Questo ci permette di migliorare costantemente il nostro sito web.<\/p><\/li><li><p><strong>Cookie di personalizzazione :<\/strong> Questi cookie vengono utilizzati per ricordare le preferenze dell'utente, come ad esempio la lingua, e rendere la sua esperienza pi\u00f9 personalizzata.<\/p><\/li><\/ol><p><strong>Gestione dei cookie :<\/strong><\/p><p>\u00c8 possibile scegliere di accettare o rifiutare i cookie. La maggior parte dei browser accetta automaticamente i cookie, ma di solito \u00e8 possibile modificare le impostazioni del browser per rifiutarli. Tuttavia, ci\u00f2 potrebbe influire sulla vostra esperienza di navigazione sul nostro sito.<\/p><p><strong>Collegamenti a siti di terzi :<\/strong><\/p><p>Il nostro sito web pu\u00f2 contenere link a siti di terze parti. Non abbiamo alcun controllo su questi siti e non siamo responsabili delle loro politiche sui cookie. Vi consigliamo di consultare le politiche sulla privacy dei siti di terzi che visitate.<\/p><p><strong>Modifiche alla Politica sui cookie :<\/strong><\/p><p>Ci riserviamo il diritto di modificare la presente Informativa sui cookie in qualsiasi momento. Le modifiche saranno pubblicate su questa pagina con l'indicazione della data dell'ultimo aggiornamento.<\/p><p><strong>Contatto:<\/strong><\/p><p>In caso di domande o dubbi sulla presente Informativa sulla privacy, si prega di contattarci all'indirizzo hello@agadir-tennis.com.<\/p><p>Ultimo aggiornamento: 18\/12\/2023<\/p><p>Grazie per la vostra fiducia e comprensione.<\/p><p>Club Tennis Agadir Formazione<br \/><em>www.agadir-tennis.com<\/em><\/p>\t\t\t\t\t\t\t\t<\/div>\n\t\t\t\t\t<\/div>\n\t\t\t\t<\/div>\n\t\t\t\t<\/div>","protected":false},"excerpt":{"rendered":"<p>Gestion des Cookies du Club Tennis Agadir Training La pr\u00e9sente Politique en mati\u00e8re de Cookies explique comment le Club Tennis Agadir Training utilise des cookies et des technologies similaires sur son site web www.agadir-tennis.com. En utilisant notre site web, vous consentez \u00e0 l&rsquo;utilisation de cookies conform\u00e9ment \u00e0 cette politique. Qu&rsquo;est-ce qu&rsquo;un Cookie ? Un cookie [&hellip;]<\/p>\n","protected":false},"author":1,"featured_media":0,"parent":0,"menu_order":4,"comment_status":"closed","ping_status":"closed","template":"elementor_header_footer","meta":{"footnotes":""},"class_list":["post-1143","page","type-page","status-publish","hentry"],"_links":{"self":[{"href":"https:\/\/agadir-tennis.com\/it\/wp-json\/wp\/v2\/pages\/1143","targetHints":{"allow":["GET"]}}],"collection":[{"href":"https:\/\/agadir-tennis.com\/it\/wp-json\/wp\/v2\/pages"}],"about":[{"href":"https:\/\/agadir-tennis.com\/it\/wp-json\/wp\/v2\/types\/page"}],"author":[{"embeddable":true,"href":"https:\/\/agadir-tennis.com\/it\/wp-json\/wp\/v2\/users\/1"}],"replies":[{"embeddable":true,"href":"https:\/\/agadir-tennis.com\/it\/wp-json\/wp\/v2\/comments?post=1143"}],"version-history":[{"count":0,"href":"https:\/\/agadir-tennis.com\/it\/wp-json\/wp\/v2\/pages\/1143\/revisions"}],"wp:attachment":[{"href":"https:\/\/agadir-tennis.com\/it\/wp-json\/wp\/v2\/media?parent=1143"}],"curies":[{"name":"wp","href":"https:\/\/api.w.org\/{rel}","templated":true}]}}