{"id":1164,"date":"2023-12-19T00:06:34","date_gmt":"2023-12-18T23:06:34","guid":{"rendered":"https:\/\/agadir-tennis.com\/?page_id=1164"},"modified":"2023-12-26T03:19:41","modified_gmt":"2023-12-26T02:19:41","slug":"donnees-personnelles-rgpd","status":"publish","type":"page","link":"https:\/\/agadir-tennis.com\/es\/donnees-personnelles-rgpd\/","title":{"rendered":"Datos personales (RGPD)"},"content":{"rendered":"<div data-elementor-type=\"wp-page\" data-elementor-id=\"1164\" class=\"elementor elementor-1164\" data-elementor-post-type=\"page\">\n\t\t\t\t<div class=\"elementor-element elementor-element-6f1f23b e-flex e-con-boxed e-con e-parent\" data-id=\"6f1f23b\" data-element_type=\"container\" data-e-type=\"container\" data-settings=\"{&quot;ekit_has_onepagescroll_dot&quot;:&quot;yes&quot;}\">\n\t\t\t\t\t<div class=\"e-con-inner\">\n\t\t\t\t<div class=\"elementor-element elementor-element-eb9f957 elementor-widget__width-initial elementor-widget elementor-widget-elementskit-heading\" data-id=\"eb9f957\" data-element_type=\"widget\" data-e-type=\"widget\" data-settings=\"{&quot;ekit_we_effect_on&quot;:&quot;none&quot;}\" data-widget_type=\"elementskit-heading.default\">\n\t\t\t\t\t<div class=\"ekit-wid-con\" ><div class=\"ekit-heading elementskit-section-title-wraper text_center   ekit_heading_tablet-   ekit_heading_mobile-\"><div class=\"ekit_heading_separetor_wraper ekit_heading_elementskit-border-divider elementskit-style-long\"><div class=\"elementskit-border-divider elementskit-style-long\"><\/div><\/div><h2 class=\"ekit-heading--title elementskit-section-title\">Gesti\u00f3n de datos personales (rgpd)<\/h2><\/div><\/div>\t\t\t\t<\/div>\n\t\t\t\t\t<\/div>\n\t\t\t\t<\/div>\n\t\t<div class=\"elementor-element elementor-element-e118bec e-flex e-con-boxed e-con e-parent\" data-id=\"e118bec\" data-element_type=\"container\" data-e-type=\"container\" data-settings=\"{&quot;ekit_has_onepagescroll_dot&quot;:&quot;yes&quot;}\">\n\t\t\t\t\t<div class=\"e-con-inner\">\n\t\t\t\t<div class=\"elementor-element elementor-element-fa68255 elementor-widget elementor-widget-text-editor\" data-id=\"fa68255\" data-element_type=\"widget\" data-e-type=\"widget\" data-settings=\"{&quot;ekit_we_effect_on&quot;:&quot;none&quot;}\" data-widget_type=\"text-editor.default\">\n\t\t\t\t\t\t\t\t\t<p>Esta Pol\u00edtica de Privacidad explica c\u00f3mo el Club Tennis Agadir Training gestiona los datos personales de acuerdo con el Reglamento General de Protecci\u00f3n de Datos (GDPR) en su sitio web. <a href=\"https:\/\/agadir-tennis.com\/es\/\" target=\"_new\">www.agadir-tennis.com<\/a>. Nos comprometemos a proteger su privacidad y a garantizar la confidencialidad y seguridad de sus datos personales.<\/p><p><strong>1. Recogida y uso de datos personales :<\/strong><\/p><p>Recopilamos datos personales de forma transparente y leg\u00edtima, \u00fanicamente para los fines expl\u00edcitamente indicados. Los datos recogidos pueden incluir, entre otros, su nombre, direcci\u00f3n de correo electr\u00f3nico, n\u00famero de tel\u00e9fono e informaci\u00f3n relativa a su afiliaci\u00f3n al Club Tennis Agadir Training.<\/p><p>Utilizamos esta informaci\u00f3n para gestionar su afiliaci\u00f3n, mantenerle informado sobre nuestras actividades, mejorar nuestro sitio web y responder a sus peticiones.<\/p><p><strong>2. Base jur\u00eddica del tratamiento :<\/strong><\/p><p>Tratamos sus datos personales sobre una de las bases jur\u00eddicas previstas por el GDPR, en particular cuando el tratamiento es necesario para la ejecuci\u00f3n de un contrato, el cumplimiento de una obligaci\u00f3n legal, la protecci\u00f3n de intereses vitales, el consentimiento del interesado, el cumplimiento de una misi\u00f3n realizada en inter\u00e9s p\u00fablico o en el ejercicio del poder p\u00fablico, o a efectos de los intereses leg\u00edtimos perseguidos por Club Tennis Agadir Training.<\/p><p><strong>3. Conservaci\u00f3n de datos :<\/strong><\/p><p>Conservamos sus datos personales durante el tiempo necesario para los fines para los que fueron recogidos y de acuerdo con nuestras obligaciones legales.<\/p><p><strong>4. Seguridad de los datos :<\/strong><\/p><p>Aplicamos medidas de seguridad t\u00e9cnicas y organizativas adecuadas para proteger sus datos personales contra el acceso, la divulgaci\u00f3n, la alteraci\u00f3n o la destrucci\u00f3n no autorizados.<\/p><p><strong>5. Derechos de las personas afectadas :<\/strong><\/p><p>Tiene derecho a acceder a sus datos personales, rectificarlos, suprimirlos, limitar su tratamiento, oponerse a su tratamiento y solicitar la portabilidad de sus datos. Tambi\u00e9n tiene derecho a retirar su consentimiento cuando el tratamiento se base en dicho consentimiento.<\/p><p><strong>6. Cookies y tecnolog\u00edas similares :<\/strong><\/p><p>Consulte nuestra Pol\u00edtica de cookies para obtener m\u00e1s informaci\u00f3n sobre el uso de cookies en nuestro sitio web.<\/p><p><strong>7. Enlaces a sitios de terceros :<\/strong><\/p><p>Nuestro sitio web puede contener enlaces a sitios de terceros. No somos responsables de las pr\u00e1cticas de privacidad de dichos sitios y le recomendamos que lea sus pol\u00edticas de privacidad.<\/p><p><strong>Contacto:<\/strong><\/p><p>Si tiene alguna pregunta o duda sobre esta Pol\u00edtica de privacidad, p\u00f3ngase en contacto con nosotros en hello@agadir-tennis.com.<\/p><p>\u00daltima actualizaci\u00f3n: 18\/12\/2023<\/p><p>Gracias por su confianza y comprensi\u00f3n.<\/p><p>Club Tenis Agadir Formaci\u00f3n<br \/><em>www.agadir-tennis.com<\/em><\/p>\t\t\t\t\t\t\t\t<\/div>\n\t\t\t\t\t<\/div>\n\t\t\t\t<\/div>\n\t\t\t\t<\/div>","protected":false},"excerpt":{"rendered":"<p>Gestion des donn\u00e9es personnelles (rgpd) La pr\u00e9sente Politique de Confidentialit\u00e9 explique comment le Club Tennis Agadir Training g\u00e8re les donn\u00e9es personnelles conform\u00e9ment au R\u00e8glement G\u00e9n\u00e9ral sur la Protection des Donn\u00e9es (RGPD) sur son site web www.agadir-tennis.com. Nous sommes d\u00e9termin\u00e9s \u00e0 prot\u00e9ger votre vie priv\u00e9e et \u00e0 garantir la confidentialit\u00e9 et la s\u00e9curit\u00e9 de vos donn\u00e9es [&hellip;]<\/p>\n","protected":false},"author":1,"featured_media":0,"parent":0,"menu_order":2,"comment_status":"closed","ping_status":"closed","template":"elementor_header_footer","meta":{"footnotes":""},"class_list":["post-1164","page","type-page","status-publish","hentry"],"_links":{"self":[{"href":"https:\/\/agadir-tennis.com\/es\/wp-json\/wp\/v2\/pages\/1164","targetHints":{"allow":["GET"]}}],"collection":[{"href":"https:\/\/agadir-tennis.com\/es\/wp-json\/wp\/v2\/pages"}],"about":[{"href":"https:\/\/agadir-tennis.com\/es\/wp-json\/wp\/v2\/types\/page"}],"author":[{"embeddable":true,"href":"https:\/\/agadir-tennis.com\/es\/wp-json\/wp\/v2\/users\/1"}],"replies":[{"embeddable":true,"href":"https:\/\/agadir-tennis.com\/es\/wp-json\/wp\/v2\/comments?post=1164"}],"version-history":[{"count":0,"href":"https:\/\/agadir-tennis.com\/es\/wp-json\/wp\/v2\/pages\/1164\/revisions"}],"wp:attachment":[{"href":"https:\/\/agadir-tennis.com\/es\/wp-json\/wp\/v2\/media?parent=1164"}],"curies":[{"name":"wp","href":"https:\/\/api.w.org\/{rel}","templated":true}]}}