{"id":1152,"date":"2023-12-19T00:03:20","date_gmt":"2023-12-18T23:03:20","guid":{"rendered":"https:\/\/agadir-tennis.com\/?page_id=1152"},"modified":"2024-01-01T03:33:21","modified_gmt":"2024-01-01T02:33:21","slug":"cookies","status":"publish","type":"page","link":"https:\/\/agadir-tennis.com\/es\/cookies\/","title":{"rendered":"Cookies"},"content":{"rendered":"<div data-elementor-type=\"wp-page\" data-elementor-id=\"1152\" class=\"elementor elementor-1152\" data-elementor-post-type=\"page\">\n\t\t\t\t<div class=\"elementor-element elementor-element-ffc7a28 e-flex e-con-boxed e-con e-parent\" data-id=\"ffc7a28\" data-element_type=\"container\" data-e-type=\"container\" data-settings=\"{&quot;ekit_has_onepagescroll_dot&quot;:&quot;yes&quot;}\">\n\t\t\t\t\t<div class=\"e-con-inner\">\n\t\t\t\t<div class=\"elementor-element elementor-element-3f6d286 elementor-widget__width-initial elementor-widget elementor-widget-elementskit-heading\" data-id=\"3f6d286\" data-element_type=\"widget\" data-e-type=\"widget\" data-settings=\"{&quot;ekit_we_effect_on&quot;:&quot;none&quot;}\" data-widget_type=\"elementskit-heading.default\">\n\t\t\t\t\t<div class=\"ekit-wid-con\" ><div class=\"ekit-heading elementskit-section-title-wraper text_center   ekit_heading_tablet-   ekit_heading_mobile-\"><div class=\"ekit_heading_separetor_wraper ekit_heading_elementskit-border-divider elementskit-style-long\"><div class=\"elementskit-border-divider elementskit-style-long\"><\/div><\/div><h2 class=\"ekit-heading--title elementskit-section-title\">Pol\u00edtica de cookies del Club Tennis Agadir Training<\/h2><\/div><\/div>\t\t\t\t<\/div>\n\t\t\t\t\t<\/div>\n\t\t\t\t<\/div>\n\t\t<div class=\"elementor-element elementor-element-0f54559 e-flex e-con-boxed e-con e-parent\" data-id=\"0f54559\" data-element_type=\"container\" data-e-type=\"container\" data-settings=\"{&quot;ekit_has_onepagescroll_dot&quot;:&quot;yes&quot;}\">\n\t\t\t\t\t<div class=\"e-con-inner\">\n\t\t\t\t<div class=\"elementor-element elementor-element-4601b2f elementor-widget elementor-widget-text-editor\" data-id=\"4601b2f\" data-element_type=\"widget\" data-e-type=\"widget\" data-settings=\"{&quot;ekit_we_effect_on&quot;:&quot;none&quot;}\" data-widget_type=\"text-editor.default\">\n\t\t\t\t\t\t\t\t\t<p>El objetivo de esta Pol\u00edtica de privacidad es informarle sobre c\u00f3mo el Club Tennis Agadir Training recopila, utiliza, comparte y protege los datos personales que usted nos proporciona a trav\u00e9s del sitio web www.agadir-tennis.com. Su privacidad es importante para nosotros y nos comprometemos a tratar su informaci\u00f3n de forma transparente y segura.<\/p><p>Al utilizar nuestro sitio web, usted acepta los t\u00e9rminos de esta Pol\u00edtica de privacidad.<\/p><p><strong>Recogida de datos personales :<\/strong><\/p><p>Cuando visita nuestro sitio web, podemos recopilar informaci\u00f3n personal como su nombre, direcci\u00f3n de correo electr\u00f3nico, n\u00famero de tel\u00e9fono y otros datos similares que usted decida proporcionarnos voluntariamente.<\/p><p><strong>Uso de la informaci\u00f3n personal :<\/strong><\/p><p>Utilizamos la informaci\u00f3n personal recopilada para los siguientes fines:<\/p><p>Gestione su inscripci\u00f3n al Agadir Training Tennis Club.<br \/>Env\u00edo de informaci\u00f3n sobre eventos, cursos, cursos de formaci\u00f3n y otras actividades del club.<br \/>Respuesta a sus solicitudes de informaci\u00f3n o contacto.<br \/>Mejorar nuestro sitio web y nuestros servicios.<\/p><p><strong>Protecci\u00f3n de datos personales :<\/strong><\/p><p>Aplicamos medidas de seguridad adecuadas para proteger sus datos personales contra el acceso, la divulgaci\u00f3n, la alteraci\u00f3n o la destrucci\u00f3n no autorizados.<\/p><p><strong>Intercambio de informaci\u00f3n personal :<\/strong><\/p><p>No vendemos, alquilamos ni compartimos su informaci\u00f3n personal con terceros, salvo en los siguientes casos:<\/p><p>Si es necesario para responder a sus peticiones o prestarle los servicios que ha solicitado.<br \/>Si las autoridades competentes nos lo exigen legalmente.<br \/>Con su consentimiento expl\u00edcito.<br \/><strong>Cookies y tecnolog\u00edas similares :<\/strong><\/p><p>Nuestro sitio web puede utilizar cookies y otras tecnolog\u00edas similares para mejorar su experiencia en l\u00ednea. Puede configurar su navegador para que rechace las cookies, pero esto puede afectar a algunas de las funciones de nuestro sitio.<\/p><p><strong>Enlaces a sitios de terceros :<\/strong><\/p><p>Nuestro sitio web puede contener enlaces a sitios web de terceros. Esta pol\u00edtica de privacidad no se aplica a esos sitios, por lo que le recomendamos que consulte las pol\u00edticas de privacidad de esos terceros.<\/p><p><strong>Modificaci\u00f3n de la Pol\u00edtica de Privacidad :<\/strong><\/p><p>Nos reservamos el derecho a actualizar o modificar esta Pol\u00edtica de Privacidad en cualquier momento. Los cambios se publicar\u00e1n en esta p\u00e1gina, y la fecha de la \u00faltima actualizaci\u00f3n aparecer\u00e1 en la parte superior de la p\u00e1gina.<\/p><p><strong>Contacto:<\/strong><\/p><p>Si tiene alguna pregunta o duda sobre esta Pol\u00edtica de privacidad, p\u00f3ngase en contacto con nosotros en hello@agadir-tennis.com.<\/p><p>\u00daltima actualizaci\u00f3n: 18\/12\/2023<\/p><p>Gracias por su confianza y comprensi\u00f3n.<\/p><p>Club Tenis Agadir Formaci\u00f3n<br \/><em>www.agadir-tennis.com<\/em><\/p>\t\t\t\t\t\t\t\t<\/div>\n\t\t\t\t\t<\/div>\n\t\t\t\t<\/div>\n\t\t\t\t<\/div>","protected":false},"excerpt":{"rendered":"<p>Politique en mati\u00e8re de Cookies du Club Tennis Agadir Training La pr\u00e9sente Politique de Confidentialit\u00e9 a pour objectif de vous informer sur la mani\u00e8re dont le Club Tennis Agadir Training collecte, utilise, partage et prot\u00e8ge les donn\u00e9es personnelles que vous nous fournissez via le site web www.agadir-tennis.com. Nous attachons une grande importance \u00e0 la protection [&hellip;]<\/p>\n","protected":false},"author":1,"featured_media":0,"parent":0,"menu_order":3,"comment_status":"closed","ping_status":"closed","template":"elementor_header_footer","meta":{"footnotes":""},"class_list":["post-1152","page","type-page","status-publish","hentry"],"_links":{"self":[{"href":"https:\/\/agadir-tennis.com\/es\/wp-json\/wp\/v2\/pages\/1152","targetHints":{"allow":["GET"]}}],"collection":[{"href":"https:\/\/agadir-tennis.com\/es\/wp-json\/wp\/v2\/pages"}],"about":[{"href":"https:\/\/agadir-tennis.com\/es\/wp-json\/wp\/v2\/types\/page"}],"author":[{"embeddable":true,"href":"https:\/\/agadir-tennis.com\/es\/wp-json\/wp\/v2\/users\/1"}],"replies":[{"embeddable":true,"href":"https:\/\/agadir-tennis.com\/es\/wp-json\/wp\/v2\/comments?post=1152"}],"version-history":[{"count":0,"href":"https:\/\/agadir-tennis.com\/es\/wp-json\/wp\/v2\/pages\/1152\/revisions"}],"wp:attachment":[{"href":"https:\/\/agadir-tennis.com\/es\/wp-json\/wp\/v2\/media?parent=1152"}],"curies":[{"name":"wp","href":"https:\/\/api.w.org\/{rel}","templated":true}]}}