{"id":1143,"date":"2023-12-18T23:56:26","date_gmt":"2023-12-18T22:56:26","guid":{"rendered":"https:\/\/agadir-tennis.com\/?page_id=1143"},"modified":"2023-12-26T03:20:27","modified_gmt":"2023-12-26T02:20:27","slug":"politique-de-confidentialite","status":"publish","type":"page","link":"https:\/\/agadir-tennis.com\/es\/politique-de-confidentialite\/","title":{"rendered":"Pol\u00edtica de privacidad"},"content":{"rendered":"<div data-elementor-type=\"wp-page\" data-elementor-id=\"1143\" class=\"elementor elementor-1143\" data-elementor-post-type=\"page\">\n\t\t\t\t<div class=\"elementor-element elementor-element-c84c615 e-flex e-con-boxed e-con e-parent\" data-id=\"c84c615\" data-element_type=\"container\" data-e-type=\"container\" data-settings=\"{&quot;ekit_has_onepagescroll_dot&quot;:&quot;yes&quot;}\">\n\t\t\t\t\t<div class=\"e-con-inner\">\n\t\t\t\t<div class=\"elementor-element elementor-element-3c86c96 elementor-widget__width-initial elementor-widget elementor-widget-elementskit-heading\" data-id=\"3c86c96\" data-element_type=\"widget\" data-e-type=\"widget\" data-settings=\"{&quot;ekit_we_effect_on&quot;:&quot;none&quot;}\" data-widget_type=\"elementskit-heading.default\">\n\t\t\t\t\t<div class=\"ekit-wid-con\" ><div class=\"ekit-heading elementskit-section-title-wraper text_center   ekit_heading_tablet-   ekit_heading_mobile-\"><div class=\"ekit_heading_separetor_wraper ekit_heading_elementskit-border-divider elementskit-style-long\"><div class=\"elementskit-border-divider elementskit-style-long\"><\/div><\/div><h2 class=\"ekit-heading--title elementskit-section-title\">Agadir Training Tennis Club Gesti\u00f3n de Cookies<\/h2><\/div><\/div>\t\t\t\t<\/div>\n\t\t\t\t\t<\/div>\n\t\t\t\t<\/div>\n\t\t<div class=\"elementor-element elementor-element-99127e7 e-flex e-con-boxed e-con e-parent\" data-id=\"99127e7\" data-element_type=\"container\" data-e-type=\"container\" data-settings=\"{&quot;ekit_has_onepagescroll_dot&quot;:&quot;yes&quot;}\">\n\t\t\t\t\t<div class=\"e-con-inner\">\n\t\t\t\t<div class=\"elementor-element elementor-element-65d25e7 elementor-widget elementor-widget-text-editor\" data-id=\"65d25e7\" data-element_type=\"widget\" data-e-type=\"widget\" data-settings=\"{&quot;ekit_we_effect_on&quot;:&quot;none&quot;}\" data-widget_type=\"text-editor.default\">\n\t\t\t\t\t\t\t\t\t<p>Esta Pol\u00edtica de Cookies explica c\u00f3mo Club Tennis Agadir Training utiliza las cookies y tecnolog\u00edas similares en su sitio web. <a href=\"https:\/\/agadir-tennis.com\/es\/\" target=\"_new\">www.agadir-tennis.com<\/a>. Al utilizar nuestro sitio web, usted acepta el uso de cookies de acuerdo con esta pol\u00edtica.<\/p><p><strong>\u00bfQu\u00e9 es una galleta?<\/strong><\/p><p>Una cookie es un peque\u00f1o archivo de texto que se almacena en su ordenador o dispositivo m\u00f3vil cuando visita un sitio web. Las cookies se utilizan ampliamente para hacer que los sitios web sean m\u00e1s eficientes y mejorar su experiencia de usuario al permitir que el sitio le recuerde, ya sea durante la duraci\u00f3n de su visita (cookies de sesi\u00f3n) o para visitas repetidas (cookies persistentes).<\/p><p><strong>\u00bfC\u00f3mo utilizamos las cookies?<\/strong><\/p><p>Utilizamos cookies para diversos fines, entre ellos :<\/p><ul><li>Para garantizar el buen funcionamiento de nuestro sitio web.<\/li><li>Analizar c\u00f3mo interact\u00faan los usuarios con nuestro sitio para mejorar su contenido y facilidad de uso.<\/li><li>Personalizar su experiencia de navegaci\u00f3n recordando sus preferencias.<\/li><\/ul><p><strong>Tipos de cookies utilizadas :<\/strong><\/p><ol><li><p><strong>Galletas esenciales :<\/strong> Estas cookies son necesarias para el funcionamiento de nuestro sitio web. Incluyen, por ejemplo, cookies que le permiten conectarse a zonas seguras de nuestro sitio.<\/p><\/li><li><p><strong>Cookies anal\u00edticas :<\/strong> Estas cookies nos ayudan a comprender c\u00f3mo interact\u00faan los visitantes con nuestro sitio web recopilando informaci\u00f3n de forma an\u00f3nima. Esto nos permite mejorar constantemente nuestro sitio web.<\/p><\/li><li><p><strong>Cookies de personalizaci\u00f3n :<\/strong> Estas cookies se utilizan para recordar sus preferencias, como el idioma, y hacer que su experiencia sea m\u00e1s personalizada.<\/p><\/li><\/ol><p><strong>Gesti\u00f3n de cookies :<\/strong><\/p><p>Puede elegir aceptar o rechazar las cookies. La mayor\u00eda de los navegadores aceptan autom\u00e1ticamente las cookies, pero normalmente puede modificar la configuraci\u00f3n de su navegador para rechazarlas si lo prefiere. Sin embargo, esto puede afectar a su experiencia de navegaci\u00f3n en nuestro sitio.<\/p><p><strong>Enlaces a sitios de terceros :<\/strong><\/p><p>Nuestro sitio web puede contener enlaces a sitios web de terceros. No tenemos ning\u00fan control sobre estos sitios y no somos responsables de sus pol\u00edticas de cookies. Le recomendamos que consulte las pol\u00edticas de privacidad de los sitios de terceros que visite.<\/p><p><strong>Cambios en la Pol\u00edtica de Cookies :<\/strong><\/p><p>Nos reservamos el derecho a modificar esta Pol\u00edtica de Cookies en cualquier momento. Los cambios se publicar\u00e1n en esta p\u00e1gina con indicaci\u00f3n de la fecha de la \u00faltima actualizaci\u00f3n.<\/p><p><strong>Contacto:<\/strong><\/p><p>Si tiene alguna pregunta o duda sobre esta Pol\u00edtica de privacidad, p\u00f3ngase en contacto con nosotros en hello@agadir-tennis.com.<\/p><p>\u00daltima actualizaci\u00f3n: 18\/12\/2023<\/p><p>Gracias por su confianza y comprensi\u00f3n.<\/p><p>Club Tenis Agadir Formaci\u00f3n<br \/><em>www.agadir-tennis.com<\/em><\/p>\t\t\t\t\t\t\t\t<\/div>\n\t\t\t\t\t<\/div>\n\t\t\t\t<\/div>\n\t\t\t\t<\/div>","protected":false},"excerpt":{"rendered":"<p>Gestion des Cookies du Club Tennis Agadir Training La pr\u00e9sente Politique en mati\u00e8re de Cookies explique comment le Club Tennis Agadir Training utilise des cookies et des technologies similaires sur son site web www.agadir-tennis.com. En utilisant notre site web, vous consentez \u00e0 l&rsquo;utilisation de cookies conform\u00e9ment \u00e0 cette politique. Qu&rsquo;est-ce qu&rsquo;un Cookie ? Un cookie [&hellip;]<\/p>\n","protected":false},"author":1,"featured_media":0,"parent":0,"menu_order":4,"comment_status":"closed","ping_status":"closed","template":"elementor_header_footer","meta":{"footnotes":""},"class_list":["post-1143","page","type-page","status-publish","hentry"],"_links":{"self":[{"href":"https:\/\/agadir-tennis.com\/es\/wp-json\/wp\/v2\/pages\/1143","targetHints":{"allow":["GET"]}}],"collection":[{"href":"https:\/\/agadir-tennis.com\/es\/wp-json\/wp\/v2\/pages"}],"about":[{"href":"https:\/\/agadir-tennis.com\/es\/wp-json\/wp\/v2\/types\/page"}],"author":[{"embeddable":true,"href":"https:\/\/agadir-tennis.com\/es\/wp-json\/wp\/v2\/users\/1"}],"replies":[{"embeddable":true,"href":"https:\/\/agadir-tennis.com\/es\/wp-json\/wp\/v2\/comments?post=1143"}],"version-history":[{"count":0,"href":"https:\/\/agadir-tennis.com\/es\/wp-json\/wp\/v2\/pages\/1143\/revisions"}],"wp:attachment":[{"href":"https:\/\/agadir-tennis.com\/es\/wp-json\/wp\/v2\/media?parent=1143"}],"curies":[{"name":"wp","href":"https:\/\/api.w.org\/{rel}","templated":true}]}}