{"id":1164,"date":"2023-12-19T00:06:34","date_gmt":"2023-12-18T23:06:34","guid":{"rendered":"https:\/\/agadir-tennis.com\/?page_id=1164"},"modified":"2023-12-26T03:19:41","modified_gmt":"2023-12-26T02:19:41","slug":"donnees-personnelles-rgpd","status":"publish","type":"page","link":"https:\/\/agadir-tennis.com\/en\/donnees-personnelles-rgpd\/","title":{"rendered":"Personal data (RGPD)"},"content":{"rendered":"<div data-elementor-type=\"wp-page\" data-elementor-id=\"1164\" class=\"elementor elementor-1164\" data-elementor-post-type=\"page\">\n\t\t\t\t<div class=\"elementor-element elementor-element-6f1f23b e-flex e-con-boxed e-con e-parent\" data-id=\"6f1f23b\" data-element_type=\"container\" data-e-type=\"container\" data-settings=\"{&quot;ekit_has_onepagescroll_dot&quot;:&quot;yes&quot;}\">\n\t\t\t\t\t<div class=\"e-con-inner\">\n\t\t\t\t<div class=\"elementor-element elementor-element-eb9f957 elementor-widget__width-initial elementor-widget elementor-widget-elementskit-heading\" data-id=\"eb9f957\" data-element_type=\"widget\" data-e-type=\"widget\" data-settings=\"{&quot;ekit_we_effect_on&quot;:&quot;none&quot;}\" data-widget_type=\"elementskit-heading.default\">\n\t\t\t\t\t<div class=\"ekit-wid-con\" ><div class=\"ekit-heading elementskit-section-title-wraper text_center   ekit_heading_tablet-   ekit_heading_mobile-\"><div class=\"ekit_heading_separetor_wraper ekit_heading_elementskit-border-divider elementskit-style-long\"><div class=\"elementskit-border-divider elementskit-style-long\"><\/div><\/div><h2 class=\"ekit-heading--title elementskit-section-title\">Personal data management (rgpd)<\/h2><\/div><\/div>\t\t\t\t<\/div>\n\t\t\t\t\t<\/div>\n\t\t\t\t<\/div>\n\t\t<div class=\"elementor-element elementor-element-e118bec e-flex e-con-boxed e-con e-parent\" data-id=\"e118bec\" data-element_type=\"container\" data-e-type=\"container\" data-settings=\"{&quot;ekit_has_onepagescroll_dot&quot;:&quot;yes&quot;}\">\n\t\t\t\t\t<div class=\"e-con-inner\">\n\t\t\t\t<div class=\"elementor-element elementor-element-fa68255 elementor-widget elementor-widget-text-editor\" data-id=\"fa68255\" data-element_type=\"widget\" data-e-type=\"widget\" data-settings=\"{&quot;ekit_we_effect_on&quot;:&quot;none&quot;}\" data-widget_type=\"text-editor.default\">\n\t\t\t\t\t\t\t\t\t<p>This Privacy Policy explains how Club Tennis Agadir Training manages personal data in accordance with the General Data Protection Regulation (GDPR) on its website. <a href=\"https:\/\/agadir-tennis.com\/en\/\" target=\"_new\">www.agadir-tennis.com<\/a>. We are committed to protecting your privacy and guaranteeing the confidentiality and security of your personal data.<\/p><p><strong>1. Collection and Use of Personal Data :<\/strong><\/p><p>We collect personal data transparently and legitimately, only for the purposes explicitly stated. The data collected may include, among other things, your name, e-mail address, telephone number and information relating to your membership of Club Tennis Agadir Training.<\/p><p>We use this information to manage your membership, keep you informed about our activities, improve our website and respond to your requests.<\/p><p><strong>2. Legal basis for processing :<\/strong><\/p><p>We process your personal data on one of the legal bases provided for by the GDPR, in particular where processing is necessary for the performance of a contract, compliance with a legal obligation, the protection of vital interests, the consent of the data subject, the performance of a task carried out in the public interest or in the exercise of official authority, or for the purposes of the legitimate interests pursued by Club Tennis Agadir Training.<\/p><p><strong>3. Data retention :<\/strong><\/p><p>We retain your personal data for the period necessary for the purposes for which it was collected and in accordance with our legal obligations.<\/p><p><strong>4. Data security :<\/strong><\/p><p>We implement appropriate technical and organisational security measures to protect your personal data against unauthorised access, disclosure, alteration or destruction.<\/p><p><strong>5. Rights of Persons Concerned :<\/strong><\/p><p>You have the right to access your personal data, rectify it, delete it, limit its processing, object to its processing and request the portability of your data. You also have the right to withdraw your consent where processing is based on consent.<\/p><p><strong>6. Cookies and Similar Technologies :<\/strong><\/p><p>See our Cookies Policy to find out more about the use of cookies on our website.<\/p><p><strong>7. Links to Third Party Sites :<\/strong><\/p><p>Our website may contain links to third-party sites. We are not responsible for the privacy practices of such sites and encourage you to read their privacy policies.<\/p><p><strong>Contact:<\/strong><\/p><p>If you have any questions or concerns about this Privacy Policy, please contact us at hello@agadir-tennis.com .<\/p><p>Last update: 18\/12\/2023<\/p><p>Thank you for your trust and understanding.<\/p><p>Club Tennis Agadir Training<br \/><em>www.agadir-tennis.com<\/em><\/p>\t\t\t\t\t\t\t\t<\/div>\n\t\t\t\t\t<\/div>\n\t\t\t\t<\/div>\n\t\t\t\t<\/div>","protected":false},"excerpt":{"rendered":"<p>Gestion des donn\u00e9es personnelles (rgpd) La pr\u00e9sente Politique de Confidentialit\u00e9 explique comment le Club Tennis Agadir Training g\u00e8re les donn\u00e9es personnelles conform\u00e9ment au R\u00e8glement G\u00e9n\u00e9ral sur la Protection des Donn\u00e9es (RGPD) sur son site web www.agadir-tennis.com. Nous sommes d\u00e9termin\u00e9s \u00e0 prot\u00e9ger votre vie priv\u00e9e et \u00e0 garantir la confidentialit\u00e9 et la s\u00e9curit\u00e9 de vos donn\u00e9es [&hellip;]<\/p>\n","protected":false},"author":1,"featured_media":0,"parent":0,"menu_order":2,"comment_status":"closed","ping_status":"closed","template":"elementor_header_footer","meta":{"footnotes":""},"class_list":["post-1164","page","type-page","status-publish","hentry"],"_links":{"self":[{"href":"https:\/\/agadir-tennis.com\/en\/wp-json\/wp\/v2\/pages\/1164","targetHints":{"allow":["GET"]}}],"collection":[{"href":"https:\/\/agadir-tennis.com\/en\/wp-json\/wp\/v2\/pages"}],"about":[{"href":"https:\/\/agadir-tennis.com\/en\/wp-json\/wp\/v2\/types\/page"}],"author":[{"embeddable":true,"href":"https:\/\/agadir-tennis.com\/en\/wp-json\/wp\/v2\/users\/1"}],"replies":[{"embeddable":true,"href":"https:\/\/agadir-tennis.com\/en\/wp-json\/wp\/v2\/comments?post=1164"}],"version-history":[{"count":0,"href":"https:\/\/agadir-tennis.com\/en\/wp-json\/wp\/v2\/pages\/1164\/revisions"}],"wp:attachment":[{"href":"https:\/\/agadir-tennis.com\/en\/wp-json\/wp\/v2\/media?parent=1164"}],"curies":[{"name":"wp","href":"https:\/\/api.w.org\/{rel}","templated":true}]}}