{"id":1143,"date":"2023-12-18T23:56:26","date_gmt":"2023-12-18T22:56:26","guid":{"rendered":"https:\/\/agadir-tennis.com\/?page_id=1143"},"modified":"2023-12-26T03:20:27","modified_gmt":"2023-12-26T02:20:27","slug":"politique-de-confidentialite","status":"publish","type":"page","link":"https:\/\/agadir-tennis.com\/en\/politique-de-confidentialite\/","title":{"rendered":"Privacy Policy"},"content":{"rendered":"<div data-elementor-type=\"wp-page\" data-elementor-id=\"1143\" class=\"elementor elementor-1143\" data-elementor-post-type=\"page\">\n\t\t\t\t<div class=\"elementor-element elementor-element-c84c615 e-flex e-con-boxed e-con e-parent\" data-id=\"c84c615\" data-element_type=\"container\" data-e-type=\"container\" data-settings=\"{&quot;ekit_has_onepagescroll_dot&quot;:&quot;yes&quot;}\">\n\t\t\t\t\t<div class=\"e-con-inner\">\n\t\t\t\t<div class=\"elementor-element elementor-element-3c86c96 elementor-widget__width-initial elementor-widget elementor-widget-elementskit-heading\" data-id=\"3c86c96\" data-element_type=\"widget\" data-e-type=\"widget\" data-settings=\"{&quot;ekit_we_effect_on&quot;:&quot;none&quot;}\" data-widget_type=\"elementskit-heading.default\">\n\t\t\t\t\t<div class=\"ekit-wid-con\" ><div class=\"ekit-heading elementskit-section-title-wraper text_center   ekit_heading_tablet-   ekit_heading_mobile-\"><div class=\"ekit_heading_separetor_wraper ekit_heading_elementskit-border-divider elementskit-style-long\"><div class=\"elementskit-border-divider elementskit-style-long\"><\/div><\/div><h2 class=\"ekit-heading--title elementskit-section-title\">Agadir Training Tennis Club Cookie Management<\/h2><\/div><\/div>\t\t\t\t<\/div>\n\t\t\t\t\t<\/div>\n\t\t\t\t<\/div>\n\t\t<div class=\"elementor-element elementor-element-99127e7 e-flex e-con-boxed e-con e-parent\" data-id=\"99127e7\" data-element_type=\"container\" data-e-type=\"container\" data-settings=\"{&quot;ekit_has_onepagescroll_dot&quot;:&quot;yes&quot;}\">\n\t\t\t\t\t<div class=\"e-con-inner\">\n\t\t\t\t<div class=\"elementor-element elementor-element-65d25e7 elementor-widget elementor-widget-text-editor\" data-id=\"65d25e7\" data-element_type=\"widget\" data-e-type=\"widget\" data-settings=\"{&quot;ekit_we_effect_on&quot;:&quot;none&quot;}\" data-widget_type=\"text-editor.default\">\n\t\t\t\t\t\t\t\t\t<p>This Cookie Policy explains how Club Tennis Agadir Training uses cookies and similar technologies on its website. <a href=\"https:\/\/agadir-tennis.com\/en\/\" target=\"_new\">www.agadir-tennis.com<\/a>. By using our website, you consent to the use of cookies in accordance with this policy.<\/p><p><strong>What is a Cookie?<\/strong><\/p><p>A cookie is a small text file that is stored on your computer or mobile device when you visit a website. Cookies are widely used to make websites more efficient and improve your user experience by enabling the site to remember you, either for the duration of your visit (session cookies) or for repeated visits (persistent cookies).<\/p><p><strong>How do we use cookies?<\/strong><\/p><p>We use cookies for a variety of purposes, including :<\/p><ul><li>To ensure the smooth operation of our website.<\/li><li>To analyse how users interact with our site in order to improve its content and user-friendliness.<\/li><li>Personalise your browsing experience by remembering your preferences.<\/li><\/ul><p><strong>Types of Cookies Used :<\/strong><\/p><ol><li><p><strong>Essential cookies :<\/strong> These cookies are necessary for the operation of our website. They include, for example, cookies that enable you to connect to secure areas of our site.<\/p><\/li><li><p><strong>Analytical cookies :<\/strong> These cookies help us to understand how visitors interact with our site by collecting information anonymously. This allows us to constantly improve our website.<\/p><\/li><li><p><strong>Personalisation cookies :<\/strong> These cookies are used to remember your preferences, such as language, and make your experience more personalised.<\/p><\/li><\/ol><p><strong>Cookie management :<\/strong><\/p><p>You can choose to accept or refuse cookies. Most browsers automatically accept cookies, but you can usually modify your browser settings to refuse cookies if you prefer. However, this may affect your browsing experience on our site.<\/p><p><strong>Links to Third Party Sites :<\/strong><\/p><p>Our website may contain links to third-party websites. We have no control over these sites and are not responsible for their cookie policies. We recommend that you consult the privacy policies of the third-party sites you visit.<\/p><p><strong>Changes to the Cookies Policy :<\/strong><\/p><p>We reserve the right to change this Cookie Policy at any time. Changes will be posted on this page with an indication of the date of the last update.<\/p><p><strong>Contact:<\/strong><\/p><p>If you have any questions or concerns about this Privacy Policy, please contact us at hello@agadir-tennis.com .<\/p><p>Last update: 18\/12\/2023<\/p><p>Thank you for your trust and understanding.<\/p><p>Club Tennis Agadir Training<br \/><em>www.agadir-tennis.com<\/em><\/p>\t\t\t\t\t\t\t\t<\/div>\n\t\t\t\t\t<\/div>\n\t\t\t\t<\/div>\n\t\t\t\t<\/div>","protected":false},"excerpt":{"rendered":"<p>Gestion des Cookies du Club Tennis Agadir Training La pr\u00e9sente Politique en mati\u00e8re de Cookies explique comment le Club Tennis Agadir Training utilise des cookies et des technologies similaires sur son site web www.agadir-tennis.com. En utilisant notre site web, vous consentez \u00e0 l&rsquo;utilisation de cookies conform\u00e9ment \u00e0 cette politique. Qu&rsquo;est-ce qu&rsquo;un Cookie ? Un cookie [&hellip;]<\/p>\n","protected":false},"author":1,"featured_media":0,"parent":0,"menu_order":4,"comment_status":"closed","ping_status":"closed","template":"elementor_header_footer","meta":{"footnotes":""},"class_list":["post-1143","page","type-page","status-publish","hentry"],"_links":{"self":[{"href":"https:\/\/agadir-tennis.com\/en\/wp-json\/wp\/v2\/pages\/1143","targetHints":{"allow":["GET"]}}],"collection":[{"href":"https:\/\/agadir-tennis.com\/en\/wp-json\/wp\/v2\/pages"}],"about":[{"href":"https:\/\/agadir-tennis.com\/en\/wp-json\/wp\/v2\/types\/page"}],"author":[{"embeddable":true,"href":"https:\/\/agadir-tennis.com\/en\/wp-json\/wp\/v2\/users\/1"}],"replies":[{"embeddable":true,"href":"https:\/\/agadir-tennis.com\/en\/wp-json\/wp\/v2\/comments?post=1143"}],"version-history":[{"count":0,"href":"https:\/\/agadir-tennis.com\/en\/wp-json\/wp\/v2\/pages\/1143\/revisions"}],"wp:attachment":[{"href":"https:\/\/agadir-tennis.com\/en\/wp-json\/wp\/v2\/media?parent=1143"}],"curies":[{"name":"wp","href":"https:\/\/api.w.org\/{rel}","templated":true}]}}