{"id":1100,"date":"2023-12-18T21:52:49","date_gmt":"2023-12-18T20:52:49","guid":{"rendered":"https:\/\/agadir-tennis.com\/?page_id=1100"},"modified":"2023-12-24T23:03:53","modified_gmt":"2023-12-24T22:03:53","slug":"notre-approche-de-coaching","status":"publish","type":"page","link":"https:\/\/agadir-tennis.com\/en\/notre-approche-de-coaching\/","title":{"rendered":"Our coaching approach"},"content":{"rendered":"<div data-elementor-type=\"wp-page\" data-elementor-id=\"1100\" class=\"elementor elementor-1100\" data-elementor-post-type=\"page\">\n\t\t\t\t<div class=\"elementor-element elementor-element-e45dd4d e-con-full elementor-hidden-mobile e-flex e-con e-parent\" data-id=\"e45dd4d\" data-element_type=\"container\" data-e-type=\"container\" data-settings=\"{&quot;ekit_has_onepagescroll_dot&quot;:&quot;yes&quot;}\">\n\t\t\t\t<div class=\"elementor-element elementor-element-c71b58b elementor-widget elementor-widget-image\" data-id=\"c71b58b\" data-element_type=\"widget\" data-e-type=\"widget\" data-settings=\"{&quot;ekit_we_effect_on&quot;:&quot;none&quot;}\" data-widget_type=\"image.default\">\n\t\t\t\t\t\t\t\t\t\t\t\t\t\t\t<img fetchpriority=\"high\" decoding=\"async\" width=\"2000\" height=\"200\" src=\"https:\/\/agadir-tennis.com\/wp-content\/uploads\/2023\/12\/approche-coaching.webp\" class=\"attachment-full size-full wp-image-1525\" alt=\"approche coaching\" srcset=\"https:\/\/agadir-tennis.com\/wp-content\/uploads\/2023\/12\/approche-coaching.webp 2000w, https:\/\/agadir-tennis.com\/wp-content\/uploads\/2023\/12\/approche-coaching-300x30.webp 300w, https:\/\/agadir-tennis.com\/wp-content\/uploads\/2023\/12\/approche-coaching-1024x102.webp 1024w, https:\/\/agadir-tennis.com\/wp-content\/uploads\/2023\/12\/approche-coaching-768x77.webp 768w, https:\/\/agadir-tennis.com\/wp-content\/uploads\/2023\/12\/approche-coaching-1536x154.webp 1536w\" sizes=\"(max-width: 2000px) 100vw, 2000px\" \/>\t\t\t\t\t\t\t\t\t\t\t\t\t\t\t<\/div>\n\t\t\t\t<\/div>\n\t\t<div class=\"elementor-element elementor-element-54fa1e2 elementor-hidden-desktop elementor-hidden-tablet e-flex e-con-boxed e-con e-parent\" data-id=\"54fa1e2\" data-element_type=\"container\" data-e-type=\"container\" data-settings=\"{&quot;ekit_has_onepagescroll_dot&quot;:&quot;yes&quot;}\">\n\t\t\t\t\t<div class=\"e-con-inner\">\n\t\t\t\t<div class=\"elementor-element elementor-element-99853c7 elementor-widget elementor-widget-image\" data-id=\"99853c7\" data-element_type=\"widget\" data-e-type=\"widget\" data-settings=\"{&quot;ekit_we_effect_on&quot;:&quot;none&quot;}\" data-widget_type=\"image.default\">\n\t\t\t\t\t\t\t\t\t\t\t\t\t\t\t<img decoding=\"async\" width=\"460\" height=\"580\" src=\"https:\/\/agadir-tennis.com\/wp-content\/uploads\/2023\/12\/Said-akhabarr.webp\" class=\"attachment-large size-large wp-image-1810\" alt=\"a propos de nous\" srcset=\"https:\/\/agadir-tennis.com\/wp-content\/uploads\/2023\/12\/Said-akhabarr.webp 460w, https:\/\/agadir-tennis.com\/wp-content\/uploads\/2023\/12\/Said-akhabarr-238x300.webp 238w\" sizes=\"(max-width: 460px) 100vw, 460px\" \/>\t\t\t\t\t\t\t\t\t\t\t\t\t\t\t<\/div>\n\t\t\t\t\t<\/div>\n\t\t\t\t<\/div>\n\t\t<div class=\"elementor-element elementor-element-1cc09bb e-flex e-con-boxed e-con e-parent\" data-id=\"1cc09bb\" data-element_type=\"container\" data-e-type=\"container\" data-settings=\"{&quot;ekit_has_onepagescroll_dot&quot;:&quot;yes&quot;}\">\n\t\t\t\t\t<div class=\"e-con-inner\">\n\t\t\t\t<div class=\"elementor-element elementor-element-e574258 elementor-widget__width-initial elementor-widget elementor-widget-elementskit-heading\" data-id=\"e574258\" data-element_type=\"widget\" data-e-type=\"widget\" data-settings=\"{&quot;ekit_we_effect_on&quot;:&quot;none&quot;}\" data-widget_type=\"elementskit-heading.default\">\n\t\t\t\t\t<div class=\"ekit-wid-con\" ><div class=\"ekit-heading elementskit-section-title-wraper text_center   ekit_heading_tablet-   ekit_heading_mobile-\"><div class=\"ekit_heading_separetor_wraper ekit_heading_elementskit-border-divider elementskit-style-long\"><div class=\"elementskit-border-divider elementskit-style-long\"><\/div><\/div><h2 class=\"ekit-heading--title elementskit-section-title\">our t.a.t. approach<\/h2><\/div><\/div>\t\t\t\t<\/div>\n\t\t\t\t\t<\/div>\n\t\t\t\t<\/div>\n\t\t<div class=\"elementor-element elementor-element-c20e262 e-flex e-con-boxed e-con e-parent\" data-id=\"c20e262\" data-element_type=\"container\" data-e-type=\"container\" data-settings=\"{&quot;ekit_has_onepagescroll_dot&quot;:&quot;yes&quot;}\">\n\t\t\t\t\t<div class=\"e-con-inner\">\n\t\t\t\t<div class=\"elementor-element elementor-element-4b0f11b elementor-widget__width-initial elementor-widget elementor-widget-elementskit-lottie\" data-id=\"4b0f11b\" data-element_type=\"widget\" data-e-type=\"widget\" data-settings=\"{&quot;ekit_we_effect_on&quot;:&quot;none&quot;}\" data-widget_type=\"elementskit-lottie.default\">\n\t\t\t\t<div class=\"elementor-widget-container\">\n\t\t\t\t\t<div class=\"ekit-wid-con\" ><div id=\"ekit_lottie_4b0f11b\" class=\"ekit_lottie\" data-autoplay=\"true\" data-on-scroll=\"\" data-speed=\"1\" data-direction=\"\" data-action=\"pause\" data-renderer=\"svg\" data-path=\"https:\/\/lottie.host\/635e8ee0-2654-46a2-9de9-4d008799e696\/Ni5r9HKXWE.json\" data-loop=\"true\">&nbsp;<\/div><\/div>\t\t\t\t<\/div>\n\t\t\t\t<\/div>\n\t\t\t\t<div class=\"elementor-element elementor-element-2bee5f4 elementor-widget__width-initial elementor-widget elementor-widget-elementskit-lottie\" data-id=\"2bee5f4\" data-element_type=\"widget\" data-e-type=\"widget\" data-settings=\"{&quot;ekit_we_effect_on&quot;:&quot;none&quot;}\" data-widget_type=\"elementskit-lottie.default\">\n\t\t\t\t<div class=\"elementor-widget-container\">\n\t\t\t\t\t<div class=\"ekit-wid-con\" ><div id=\"ekit_lottie_2bee5f4\" class=\"ekit_lottie\" data-autoplay=\"true\" data-on-scroll=\"\" data-speed=\"1\" data-direction=\"\" data-action=\"pause\" data-renderer=\"svg\" data-path=\"https:\/\/lottie.host\/635e8ee0-2654-46a2-9de9-4d008799e696\/Ni5r9HKXWE.json\" data-loop=\"true\">&nbsp;<\/div><\/div>\t\t\t\t<\/div>\n\t\t\t\t<\/div>\n\t\t\t\t<div class=\"elementor-element elementor-element-fc93873 elementor-widget__width-initial elementor-widget elementor-widget-elementskit-lottie\" data-id=\"fc93873\" data-element_type=\"widget\" data-e-type=\"widget\" data-settings=\"{&quot;ekit_we_effect_on&quot;:&quot;none&quot;}\" data-widget_type=\"elementskit-lottie.default\">\n\t\t\t\t<div class=\"elementor-widget-container\">\n\t\t\t\t\t<div class=\"ekit-wid-con\" ><div id=\"ekit_lottie_fc93873\" class=\"ekit_lottie\" data-autoplay=\"true\" data-on-scroll=\"\" data-speed=\"1\" data-direction=\"\" data-action=\"pause\" data-renderer=\"svg\" data-path=\"https:\/\/lottie.host\/635e8ee0-2654-46a2-9de9-4d008799e696\/Ni5r9HKXWE.json\" data-loop=\"true\">&nbsp;<\/div><\/div>\t\t\t\t<\/div>\n\t\t\t\t<\/div>\n\t\t\t\t\t<\/div>\n\t\t\t\t<\/div>\n\t\t<div class=\"elementor-element elementor-element-9eca60c e-flex e-con-boxed e-con e-parent\" data-id=\"9eca60c\" data-element_type=\"container\" data-e-type=\"container\" data-settings=\"{&quot;ekit_has_onepagescroll_dot&quot;:&quot;yes&quot;}\">\n\t\t\t\t\t<div class=\"e-con-inner\">\n\t\t\t\t<div class=\"elementor-element elementor-element-0baeeda elementor-widget__width-initial elementor-widget elementor-widget-text-editor\" data-id=\"0baeeda\" data-element_type=\"widget\" data-e-type=\"widget\" data-settings=\"{&quot;ekit_we_effect_on&quot;:&quot;none&quot;}\" data-widget_type=\"text-editor.default\">\n\t\t\t\t\t\t\t\t\t<p>Do you want to take up tennis, improve your skills or help your children grow up? Selecting a coach at Club Tennis Agadir Training can help you achieve your goals. Try our simple, personalised approach.<\/p><h4><strong>Our coaching philosophy is as follows:<\/strong><\/h4><p>At Club Tennis Agadir Training, we are dedicated to an individualised coaching method that is tailored to the specific needs of each player. By examining their world, their thoughts and their feelings, our job is to understand the player as a whole. We work like daily laboratories, ready to take into account every detail because we are convinced that every detail can have a significant impact.<\/p><h4><strong>There is no \"one method\", but rather a personalised method:<\/strong><\/h4><p>We use a personalised methodology for each player rather than a 'one-size-fits-all' approach. Our four coaches work together to provide personalised support for each player.<\/p><h4><strong>Why choose a tennis coach?<\/strong><\/h4><p>Tennis coaching goes beyond on-court training and warm-ups. It can include physical conditioning, mental preparation, nutritional and medical monitoring. It's a complete package that can be tailored to your specific needs, whether you want to get started in optimum conditions, improve your level or support your child's passion for tennis.<\/p><h4><strong>When to call on a Tennis Coach<\/strong> :<\/h4><p>The coach's advice will help you master the techniques quickly and play injury-free.<\/p><ul><li>Improve Your Level: To express your full potential, whether for personal enjoyment or with a view to official competitions.<\/li><li>Supporting Your Child:Giving children a taste for sport, ensuring safe training, supporting their passion or supporting their career in Junior competition.<\/li><\/ul><h4><strong>The criteria for choosing your tennis coach are as follows:<\/strong><\/h4><ul><li><i>Experience<\/i> Find out how long the coach works and whether he or she has already accompanied players to famous competitions.<\/li><li><i>The method used<\/i> : Go for personalised coaching that takes account of your strengths and weaknesses.<\/li><li><i>First-class facilities<\/i> Make sure the facilities meet your needs, including the surface of the courts. At Club Tennis Agadir Training, we have 4 clay courts for an authentic experience.<br \/>By choosing coaching at Club Tennis Agadir Training, you're opting for a personalised approach that focuses on the pleasure of the game. Whether you're a beginner, an amateur player or a parent supporting a young enthusiast, our dedicated team is ready to accompany you on your tennis journey.<\/li><\/ul>\t\t\t\t\t\t\t\t<\/div>\n\t\t\t\t\t<\/div>\n\t\t\t\t<\/div>\n\t\t<div class=\"elementor-element elementor-element-c1c1a0a e-flex e-con-boxed e-con e-parent\" data-id=\"c1c1a0a\" data-element_type=\"container\" data-e-type=\"container\" data-settings=\"{&quot;ekit_has_onepagescroll_dot&quot;:&quot;yes&quot;}\">\n\t\t\t\t\t<div class=\"e-con-inner\">\n\t\t<div class=\"elementor-element elementor-element-1bc1624 e-con-full e-flex e-con e-child\" data-id=\"1bc1624\" data-element_type=\"container\" data-e-type=\"container\" data-settings=\"{&quot;background_background&quot;:&quot;classic&quot;,&quot;ekit_has_onepagescroll_dot&quot;:&quot;yes&quot;}\">\n\t\t\t\t<div class=\"elementor-element elementor-element-2d2fede elementor-widget__width-initial elementor-widget elementor-widget-text-editor\" data-id=\"2d2fede\" data-element_type=\"widget\" data-e-type=\"widget\" data-settings=\"{&quot;ekit_we_effect_on&quot;:&quot;none&quot;}\" data-widget_type=\"text-editor.default\">\n\t\t\t\t\t\t\t\t\t<p><strong>Ready to take your game to the next level? <\/strong>Join our tennis school today!<\/p>\t\t\t\t\t\t\t\t<\/div>\n\t\t\t\t<\/div>\n\t\t<div class=\"elementor-element elementor-element-04536a6 e-con-full e-flex e-con e-child\" data-id=\"04536a6\" data-element_type=\"container\" data-e-type=\"container\" data-settings=\"{&quot;background_background&quot;:&quot;classic&quot;,&quot;ekit_has_onepagescroll_dot&quot;:&quot;yes&quot;}\">\n\t\t\t\t<div class=\"elementor-element elementor-element-c4eecfd elementor-align-center elementor-widget elementor-widget-button\" data-id=\"c4eecfd\" data-element_type=\"widget\" data-e-type=\"widget\" data-settings=\"{&quot;ekit_we_effect_on&quot;:&quot;none&quot;}\" data-widget_type=\"button.default\">\n\t\t\t\t\t\t\t\t\t\t<a class=\"elementor-button elementor-button-link elementor-size-sm\" href=\"https:\/\/agadir-tennis.com\/en\/ecole-de-tennis\/\">\n\t\t\t\t\t\t<span class=\"elementor-button-content-wrapper\">\n\t\t\t\t\t\t\t\t\t<span class=\"elementor-button-text\">I would like to register<\/span>\n\t\t\t\t\t<\/span>\n\t\t\t\t\t<\/a>\n\t\t\t\t\t\t\t\t<\/div>\n\t\t\t\t<\/div>\n\t\t\t\t\t<\/div>\n\t\t\t\t<\/div>\n\t\t<div class=\"elementor-element elementor-element-c995e75 e-flex e-con-boxed e-con e-parent\" data-id=\"c995e75\" data-element_type=\"container\" data-e-type=\"container\" data-settings=\"{&quot;background_background&quot;:&quot;classic&quot;,&quot;ekit_has_onepagescroll_dot&quot;:&quot;yes&quot;}\">\n\t\t\t\t\t<div class=\"e-con-inner\">\n\t\t<div class=\"elementor-element elementor-element-0c31de8 e-con-full e-flex e-con e-child\" data-id=\"0c31de8\" data-element_type=\"container\" data-e-type=\"container\" data-settings=\"{&quot;ekit_has_onepagescroll_dot&quot;:&quot;yes&quot;}\">\n\t\t\t\t<div class=\"elementor-element elementor-element-3d6e73f elementor-widget__width-initial elementor-widget elementor-widget-elementskit-heading\" data-id=\"3d6e73f\" data-element_type=\"widget\" data-e-type=\"widget\" data-settings=\"{&quot;ekit_we_effect_on&quot;:&quot;none&quot;}\" data-widget_type=\"elementskit-heading.default\">\n\t\t\t\t\t<div class=\"ekit-wid-con\" ><div class=\"ekit-heading elementskit-section-title-wraper text_right   ekit_heading_tablet-   ekit_heading_mobile-\"><div class=\"ekit_heading_separetor_wraper ekit_heading_ekit_border_custom\"><div class=\"ekit_border_custom\"><\/div><\/div><h2 class=\"ekit-heading--title elementskit-section-title  ekit-heading__title-has-border end\">hello everyone meet here<\/h2><\/div><\/div>\t\t\t\t<\/div>\n\t\t\t\t<\/div>\n\t\t<div class=\"elementor-element elementor-element-8d23877 e-con-full e-flex e-con e-child\" data-id=\"8d23877\" data-element_type=\"container\" data-e-type=\"container\" data-settings=\"{&quot;ekit_has_onepagescroll_dot&quot;:&quot;yes&quot;}\">\n\t\t\t\t<div class=\"elementor-element elementor-element-b17156b elementor-widget__width-initial elementor-widget elementor-widget-heading\" data-id=\"b17156b\" data-element_type=\"widget\" data-e-type=\"widget\" data-settings=\"{&quot;ekit_we_effect_on&quot;:&quot;none&quot;}\" data-widget_type=\"heading.default\">\n\t\t\t\t\t<h3 class=\"elementor-heading-title elementor-size-default\">Our team of certified coaches at Tennis Agadir Training embody excellence and commitment to tennis development. Each of our coaches has a wealth of professional experience<\/h3>\t\t\t\t<\/div>\n\t\t\t\t<\/div>\n\t\t\t\t\t<\/div>\n\t\t\t\t<\/div>\n\t\t<div class=\"elementor-element elementor-element-5bf8451 e-flex e-con-boxed e-con e-parent\" data-id=\"5bf8451\" data-element_type=\"container\" data-e-type=\"container\" data-settings=\"{&quot;background_background&quot;:&quot;classic&quot;,&quot;ekit_has_onepagescroll_dot&quot;:&quot;yes&quot;}\">\n\t\t\t\t\t<div class=\"e-con-inner\">\n\t\t<div class=\"elementor-element elementor-element-0df6466 e-con-full e-flex e-con e-child\" data-id=\"0df6466\" data-element_type=\"container\" data-e-type=\"container\" data-settings=\"{&quot;ekit_has_onepagescroll_dot&quot;:&quot;yes&quot;}\">\n\t\t\t\t<div class=\"elementor-element elementor-element-69ad9a7 elementor-widget elementor-widget-elementskit-image-hover-effect\" data-id=\"69ad9a7\" data-element_type=\"widget\" data-e-type=\"widget\" data-settings=\"{&quot;ekit_we_effect_on&quot;:&quot;none&quot;}\" data-widget_type=\"elementskit-image-hover-effect.default\">\n\t\t\t\t<div class=\"elementor-widget-container\">\n\t\t\t\t\t<div class=\"ekit-wid-con\" >\t\t\t<div class=\"ekit_image_hover\">\n\t\t\t\t<div class=\"ekit_creative_image_hover ekit_image_blind ekit_image_blind_horizontal\">\n\t\t\t\t\t<div class=\"ekit_overlay_inner\"><\/div>\n\t\t\t\t\t\t\t\t\t\t<div class=\"ekit_image_caption ekit_text_none  elementor-animation-shrink\" >\n\t\t\t\t\t\t<h2 class=\"ekit_image_caption_title ekit_hover_show\" data-settings=\"{&quot;_animation&quot;:&quot;&quot;}\">\n\t\t\t\t\t\t\tCOACH A.MOHAMED\t\t\t\t\t\t<\/h2>\n\t\t\t\t\t\t<p class=\"ekit_image_caption_description\" data-settings=\"{&quot;_animation&quot;:&quot;&quot;}\">\n\t\t\t\t\t\t\t\t\t\t\t\t\t<\/p>\n\t\t\t\t\t\t\t\t\n\t\t\t\t\t<\/div>\t\t\t\n\t\t\t\t<\/div>\n\t\t\t\t<img decoding=\"async\" width=\"920\" height=\"1160\" src=\"https:\/\/agadir-tennis.com\/wp-content\/uploads\/2023\/12\/2-3.webp\" class=\"attachment-full size-full wp-image-441\" alt=\"\" srcset=\"https:\/\/agadir-tennis.com\/wp-content\/uploads\/2023\/12\/2-3.webp 920w, https:\/\/agadir-tennis.com\/wp-content\/uploads\/2023\/12\/2-3-238x300.webp 238w, https:\/\/agadir-tennis.com\/wp-content\/uploads\/2023\/12\/2-3-812x1024.webp 812w, https:\/\/agadir-tennis.com\/wp-content\/uploads\/2023\/12\/2-3-768x968.webp 768w\" sizes=\"(max-width: 920px) 100vw, 920px\" \/>\t\t\t<\/div>\n\t\t<\/div>\t\t\t\t<\/div>\n\t\t\t\t<\/div>\n\t\t\t\t<\/div>\n\t\t<div class=\"elementor-element elementor-element-6ef0f21 e-con-full e-flex e-con e-child\" data-id=\"6ef0f21\" data-element_type=\"container\" data-e-type=\"container\" data-settings=\"{&quot;ekit_has_onepagescroll_dot&quot;:&quot;yes&quot;}\">\n\t\t\t\t<div class=\"elementor-element elementor-element-31acec6 elementor-widget elementor-widget-elementskit-image-hover-effect\" data-id=\"31acec6\" data-element_type=\"widget\" data-e-type=\"widget\" data-settings=\"{&quot;ekit_we_effect_on&quot;:&quot;none&quot;}\" data-widget_type=\"elementskit-image-hover-effect.default\">\n\t\t\t\t<div class=\"elementor-widget-container\">\n\t\t\t\t\t<div class=\"ekit-wid-con\" >\t\t\t<div class=\"ekit_image_hover\">\n\t\t\t\t<div class=\"ekit_creative_image_hover ekit_image_blind ekit_image_blind_horizontal\">\n\t\t\t\t\t<div class=\"ekit_overlay_inner\"><\/div>\n\t\t\t\t\t\t\t\t\t\t<div class=\"ekit_image_caption ekit_text_none  elementor-animation-shrink\" >\n\t\t\t\t\t\t<h2 class=\"ekit_image_caption_title ekit_hover_show\" data-settings=\"{&quot;_animation&quot;:&quot;&quot;}\">\n\t\t\t\t\t\t\tCOACH A.SAID\t\t\t\t\t\t<\/h2>\n\t\t\t\t\t\t<p class=\"ekit_image_caption_description\" data-settings=\"{&quot;_animation&quot;:&quot;&quot;}\">\n\t\t\t\t\t\t\t\t\t\t\t\t\t<\/p>\n\t\t\t\t\t\t\t\t\n\t\t\t\t\t<\/div>\t\t\t\n\t\t\t\t<\/div>\n\t\t\t\t<img loading=\"lazy\" decoding=\"async\" width=\"920\" height=\"1160\" src=\"https:\/\/agadir-tennis.com\/wp-content\/uploads\/2023\/12\/1-3.webp\" class=\"attachment-full size-full wp-image-440\" alt=\"\" srcset=\"https:\/\/agadir-tennis.com\/wp-content\/uploads\/2023\/12\/1-3.webp 920w, https:\/\/agadir-tennis.com\/wp-content\/uploads\/2023\/12\/1-3-238x300.webp 238w, https:\/\/agadir-tennis.com\/wp-content\/uploads\/2023\/12\/1-3-812x1024.webp 812w, https:\/\/agadir-tennis.com\/wp-content\/uploads\/2023\/12\/1-3-768x968.webp 768w\" sizes=\"(max-width: 920px) 100vw, 920px\" \/>\t\t\t<\/div>\n\t\t<\/div>\t\t\t\t<\/div>\n\t\t\t\t<\/div>\n\t\t\t\t<\/div>\n\t\t<div class=\"elementor-element elementor-element-ef69c16 e-con-full e-flex e-con e-child\" data-id=\"ef69c16\" data-element_type=\"container\" data-e-type=\"container\" data-settings=\"{&quot;ekit_has_onepagescroll_dot&quot;:&quot;yes&quot;}\">\n\t\t\t\t<div class=\"elementor-element elementor-element-f8e7d84 elementor-widget elementor-widget-elementskit-image-hover-effect\" data-id=\"f8e7d84\" data-element_type=\"widget\" data-e-type=\"widget\" data-settings=\"{&quot;ekit_we_effect_on&quot;:&quot;none&quot;}\" data-widget_type=\"elementskit-image-hover-effect.default\">\n\t\t\t\t<div class=\"elementor-widget-container\">\n\t\t\t\t\t<div class=\"ekit-wid-con\" >\t\t\t<div class=\"ekit_image_hover\">\n\t\t\t\t<div class=\"ekit_creative_image_hover ekit_image_blind ekit_image_blind_horizontal\">\n\t\t\t\t\t<div class=\"ekit_overlay_inner\"><\/div>\n\t\t\t\t\t\t\t\t\t\t<div class=\"ekit_image_caption ekit_text_none  elementor-animation-shrink\" >\n\t\t\t\t\t\t<h2 class=\"ekit_image_caption_title ekit_hover_show\" data-settings=\"{&quot;_animation&quot;:&quot;&quot;}\">\n\t\t\t\t\t\t\tCOACH M.MOHAMED\t\t\t\t\t\t<\/h2>\n\t\t\t\t\t\t<p class=\"ekit_image_caption_description\" data-settings=\"{&quot;_animation&quot;:&quot;&quot;}\">\n\t\t\t\t\t\t\t\t\t\t\t\t\t<\/p>\n\t\t\t\t\t\t\t\t\n\t\t\t\t\t<\/div>\t\t\t\n\t\t\t\t<\/div>\n\t\t\t\t<img loading=\"lazy\" decoding=\"async\" width=\"920\" height=\"1160\" src=\"https:\/\/agadir-tennis.com\/wp-content\/uploads\/2023\/12\/3-2.webp\" class=\"attachment-full size-full wp-image-442\" alt=\"\" srcset=\"https:\/\/agadir-tennis.com\/wp-content\/uploads\/2023\/12\/3-2.webp 920w, https:\/\/agadir-tennis.com\/wp-content\/uploads\/2023\/12\/3-2-238x300.webp 238w, https:\/\/agadir-tennis.com\/wp-content\/uploads\/2023\/12\/3-2-812x1024.webp 812w, https:\/\/agadir-tennis.com\/wp-content\/uploads\/2023\/12\/3-2-768x968.webp 768w\" sizes=\"(max-width: 920px) 100vw, 920px\" \/>\t\t\t<\/div>\n\t\t<\/div>\t\t\t\t<\/div>\n\t\t\t\t<\/div>\n\t\t\t\t<\/div>\n\t\t<div class=\"elementor-element elementor-element-0b01b63 e-con-full e-flex e-con e-child\" data-id=\"0b01b63\" data-element_type=\"container\" data-e-type=\"container\" data-settings=\"{&quot;ekit_has_onepagescroll_dot&quot;:&quot;yes&quot;}\">\n\t\t\t\t<div class=\"elementor-element elementor-element-ba5ebe9 elementor-widget elementor-widget-elementskit-image-hover-effect\" data-id=\"ba5ebe9\" data-element_type=\"widget\" data-e-type=\"widget\" data-settings=\"{&quot;ekit_we_effect_on&quot;:&quot;none&quot;}\" data-widget_type=\"elementskit-image-hover-effect.default\">\n\t\t\t\t<div class=\"elementor-widget-container\">\n\t\t\t\t\t<div class=\"ekit-wid-con\" >\t\t\t<div class=\"ekit_image_hover\">\n\t\t\t\t<div class=\"ekit_creative_image_hover ekit_image_blind ekit_image_blind_horizontal\">\n\t\t\t\t\t<div class=\"ekit_overlay_inner\"><\/div>\n\t\t\t\t\t\t\t\t\t\t<div class=\"ekit_image_caption ekit_text_none  elementor-animation-shrink\" >\n\t\t\t\t\t\t<h2 class=\"ekit_image_caption_title ekit_hover_show\" data-settings=\"{&quot;_animation&quot;:&quot;&quot;}\">\n\t\t\t\t\t\t\tCOACH O.khalid\t\t\t\t\t\t<\/h2>\n\t\t\t\t\t\t<p class=\"ekit_image_caption_description\" data-settings=\"{&quot;_animation&quot;:&quot;&quot;}\">\n\t\t\t\t\t\t\t\t\t\t\t\t\t<\/p>\n\t\t\t\t\t\t\t\t\n\t\t\t\t\t<\/div>\t\t\t\n\t\t\t\t<\/div>\n\t\t\t\t<img loading=\"lazy\" decoding=\"async\" width=\"460\" height=\"580\" src=\"https:\/\/agadir-tennis.com\/wp-content\/uploads\/2023\/12\/COACH.png\" class=\"attachment-full size-full wp-image-658\" alt=\"coach tennis\" srcset=\"https:\/\/agadir-tennis.com\/wp-content\/uploads\/2023\/12\/COACH.png 460w, https:\/\/agadir-tennis.com\/wp-content\/uploads\/2023\/12\/COACH-238x300.png 238w\" sizes=\"(max-width: 460px) 100vw, 460px\" \/>\t\t\t<\/div>\n\t\t<\/div>\t\t\t\t<\/div>\n\t\t\t\t<\/div>\n\t\t\t\t<\/div>\n\t\t\t\t\t<\/div>\n\t\t\t\t<\/div>\n\t\t<div class=\"elementor-element elementor-element-dc51e28 e-flex e-con-boxed e-con e-parent\" data-id=\"dc51e28\" data-element_type=\"container\" data-e-type=\"container\" data-settings=\"{&quot;ekit_has_onepagescroll_dot&quot;:&quot;yes&quot;}\">\n\t\t\t\t\t<div class=\"e-con-inner\">\n\t\t<div class=\"elementor-element elementor-element-e6f53bb e-con-full e-flex e-con e-child\" data-id=\"e6f53bb\" data-element_type=\"container\" data-e-type=\"container\" data-settings=\"{&quot;ekit_has_onepagescroll_dot&quot;:&quot;yes&quot;}\">\n\t\t\t\t<div class=\"elementor-element elementor-element-b0d9df1 elementor-widget__width-initial elementor-widget elementor-widget-elementskit-heading\" data-id=\"b0d9df1\" data-element_type=\"widget\" data-e-type=\"widget\" data-settings=\"{&quot;ekit_we_effect_on&quot;:&quot;none&quot;}\" data-widget_type=\"elementskit-heading.default\">\n\t\t\t\t\t<div class=\"ekit-wid-con\" ><div class=\"ekit-heading elementskit-section-title-wraper text_right   ekit_heading_tablet-   ekit_heading_mobile-text_center\"><div class=\"ekit_heading_separetor_wraper ekit_heading_ekit_border_custom\"><div class=\"ekit_border_custom\"><\/div><\/div><h2 class=\"ekit-heading--title elementskit-section-title  ekit-heading__title-has-border end\">Welcome to Tennis Agadir Training<\/h2><\/div><\/div>\t\t\t\t<\/div>\n\t\t\t\t<\/div>\n\t\t<div class=\"elementor-element elementor-element-8b07c5b e-con-full e-flex e-con e-child\" data-id=\"8b07c5b\" data-element_type=\"container\" data-e-type=\"container\" data-settings=\"{&quot;ekit_has_onepagescroll_dot&quot;:&quot;yes&quot;}\">\n\t\t\t\t<div class=\"elementor-element elementor-element-0858f66 elementor-widget__width-initial elementor-widget elementor-widget-heading\" data-id=\"0858f66\" data-element_type=\"widget\" data-e-type=\"widget\" data-settings=\"{&quot;ekit_we_effect_on&quot;:&quot;none&quot;}\" data-widget_type=\"heading.default\">\n\t\t\t\t\t<h3 class=\"elementor-heading-title elementor-size-default\">Explore tennis excellence nearby: Tennis Agadir Training, your destination of choice close to home<\/h3>\t\t\t\t<\/div>\n\t\t\t\t<\/div>\n\t\t\t\t\t<\/div>\n\t\t\t\t<\/div>\n\t\t<div class=\"elementor-element elementor-element-55273b3 e-flex e-con-boxed e-con e-parent\" data-id=\"55273b3\" data-element_type=\"container\" data-e-type=\"container\" data-settings=\"{&quot;ekit_has_onepagescroll_dot&quot;:&quot;yes&quot;}\">\n\t\t\t\t\t<div class=\"e-con-inner\">\n\t\t\t\t<div class=\"elementor-element elementor-element-586edeb elementor-widget elementor-widget-google_maps\" data-id=\"586edeb\" data-element_type=\"widget\" data-e-type=\"widget\" data-settings=\"{&quot;ekit_we_effect_on&quot;:&quot;none&quot;}\" data-widget_type=\"google_maps.default\">\n\t\t\t\t\t\t\t<div class=\"elementor-custom-embed\">\n\t\t\t<iframe loading=\"lazy\"\n\t\t\t\t\tsrc=\"https:\/\/maps.google.com\/maps?q=tennis%20agadir%20training&#038;t=m&#038;z=15&#038;output=embed&#038;iwloc=near\"\n\t\t\t\t\ttitle=\"tennis agadir training\"\n\t\t\t\t\taria-label=\"tennis agadir training\"\n\t\t\t><\/iframe>\n\t\t<\/div>\n\t\t\t\t\t\t<\/div>\n\t\t\t\t\t<\/div>\n\t\t\t\t<\/div>\n\t\t\t\t<\/div>","protected":false},"excerpt":{"rendered":"<p>notre approche t.a.t &nbsp; &nbsp; &nbsp; Vous voulez vous lancer dans le tennis, am\u00e9liorer vos comp\u00e9tences ou aider vos enfants \u00e0 grandir? La s\u00e9lection d&rsquo;un coach au Club Tennis Agadir Training peut vous aider \u00e0 atteindre vos objectifs. Essayez notre m\u00e9thode simple et ax\u00e9e sur la personnalisation. Notre philosophie de coaching est la suivante : [&hellip;]<\/p>\n","protected":false},"author":1,"featured_media":1810,"parent":0,"menu_order":5,"comment_status":"closed","ping_status":"closed","template":"elementor_header_footer","meta":{"footnotes":""},"class_list":["post-1100","page","type-page","status-publish","has-post-thumbnail","hentry"],"_links":{"self":[{"href":"https:\/\/agadir-tennis.com\/en\/wp-json\/wp\/v2\/pages\/1100","targetHints":{"allow":["GET"]}}],"collection":[{"href":"https:\/\/agadir-tennis.com\/en\/wp-json\/wp\/v2\/pages"}],"about":[{"href":"https:\/\/agadir-tennis.com\/en\/wp-json\/wp\/v2\/types\/page"}],"author":[{"embeddable":true,"href":"https:\/\/agadir-tennis.com\/en\/wp-json\/wp\/v2\/users\/1"}],"replies":[{"embeddable":true,"href":"https:\/\/agadir-tennis.com\/en\/wp-json\/wp\/v2\/comments?post=1100"}],"version-history":[{"count":0,"href":"https:\/\/agadir-tennis.com\/en\/wp-json\/wp\/v2\/pages\/1100\/revisions"}],"wp:featuredmedia":[{"embeddable":true,"href":"https:\/\/agadir-tennis.com\/en\/wp-json\/wp\/v2\/media\/1810"}],"wp:attachment":[{"href":"https:\/\/agadir-tennis.com\/en\/wp-json\/wp\/v2\/media?parent=1100"}],"curies":[{"name":"wp","href":"https:\/\/api.w.org\/{rel}","templated":true}]}}