{"id":2321,"date":"2023-12-28T14:49:00","date_gmt":"2023-12-28T13:49:00","guid":{"rendered":"https:\/\/agadir-tennis.com\/?page_id=2321"},"modified":"2024-01-01T03:20:42","modified_gmt":"2024-01-01T02:20:42","slug":"blog","status":"publish","type":"page","link":"https:\/\/agadir-tennis.com\/de\/blog\/","title":{"rendered":"Tennis-Blog"},"content":{"rendered":"<div data-elementor-type=\"wp-page\" data-elementor-id=\"2321\" class=\"elementor elementor-2321\" data-elementor-post-type=\"page\">\n\t\t\t\t<div class=\"elementor-element elementor-element-0130b01 e-con-full e-flex e-con e-parent\" data-id=\"0130b01\" data-element_type=\"container\" data-e-type=\"container\" data-settings=\"{&quot;ekit_has_onepagescroll_dot&quot;:&quot;yes&quot;}\">\n\t\t\t\t<div class=\"elementor-element elementor-element-f761e79 elementor-widget elementor-widget-image\" data-id=\"f761e79\" data-element_type=\"widget\" data-e-type=\"widget\" data-settings=\"{&quot;ekit_we_effect_on&quot;:&quot;none&quot;}\" data-widget_type=\"image.default\">\n\t\t\t\t\t\t\t\t\t\t\t\t\t\t\t<img fetchpriority=\"high\" decoding=\"async\" width=\"2000\" height=\"200\" src=\"https:\/\/agadir-tennis.com\/wp-content\/uploads\/2023\/12\/blog-tenniis.webp\" class=\"attachment-full size-full wp-image-2328\" alt=\"blog tennis\" srcset=\"https:\/\/agadir-tennis.com\/wp-content\/uploads\/2023\/12\/blog-tenniis.webp 2000w, https:\/\/agadir-tennis.com\/wp-content\/uploads\/2023\/12\/blog-tenniis-300x30.webp 300w, https:\/\/agadir-tennis.com\/wp-content\/uploads\/2023\/12\/blog-tenniis-1024x102.webp 1024w, https:\/\/agadir-tennis.com\/wp-content\/uploads\/2023\/12\/blog-tenniis-768x77.webp 768w, https:\/\/agadir-tennis.com\/wp-content\/uploads\/2023\/12\/blog-tenniis-1536x154.webp 1536w, https:\/\/agadir-tennis.com\/wp-content\/uploads\/2023\/12\/blog-tenniis-18x2.webp 18w\" sizes=\"(max-width: 2000px) 100vw, 2000px\" \/>\t\t\t\t\t\t\t\t\t\t\t\t\t\t\t<\/div>\n\t\t\t\t<\/div>\n\t\t<div class=\"elementor-element elementor-element-2e37f8c e-flex e-con-boxed e-con e-parent\" data-id=\"2e37f8c\" data-element_type=\"container\" data-e-type=\"container\" data-settings=\"{&quot;ekit_has_onepagescroll_dot&quot;:&quot;yes&quot;}\">\n\t\t\t\t\t<div class=\"e-con-inner\">\n\t\t\t\t<div class=\"elementor-element elementor-element-815625f elementor-widget elementor-widget-elementskit-blog-posts\" data-id=\"815625f\" data-element_type=\"widget\" data-e-type=\"widget\" data-settings=\"{&quot;ekit_we_effect_on&quot;:&quot;none&quot;}\" data-widget_type=\"elementskit-blog-posts.default\">\n\t\t\t\t\t<div class=\"ekit-wid-con\" >\n        <div id=\"post-items--815625f\" class=\"row post-items ekit-blog-posts-content wihout-masonry\" data-enable=\"no\">\n\n\t\t\t<!-- Blog Carousel markup render -->\n\t\t\t\n\n            <div class=\"col-md-12\">\n\n                                    <div class=\"elementskit-blog-block-post\">\n                        <div class=\"row no-gutters\">\n                                                            <div class=\"col-md-6 order-1\">\n                                    <a href=\"https:\/\/agadir-tennis.com\/de\/avant-son-grand-retour-sur-les-courts-de-tennis-de-brisbane-ou-en-est-le-nadal-apres-un-a-dabsence\/\" class=\"elementskit-entry-thumb\">\n                                        <img decoding=\"async\" src=\"https:\/\/agadir-tennis.com\/wp-content\/uploads\/2023\/12\/nadal-rafael-2024-1024x538.webp\" alt=\"Avant son grand retour sur les courts de tennis de Brisbane, o\u00f9 en est le nadal apr\u00e8s 1 an d&rsquo;absence?\">\n                                    <\/a><!-- .elementskit-entry-thumb END -->\n                                <\/div>\n                            \n                            <div class=\"col-md-6 order-2\">\n                                <div class=\"elementskit-post-body\">\n                                    <div class=\"elementskit-entry-header\">\n                                        \n                                                                                                                                                                        \n                                            \n                                            \t\t\t\t\t\t\t\t\t\t\t\t                <h2 class=\"entry-title\">\n                    <a href=\"https:\/\/agadir-tennis.com\/de\/avant-son-grand-retour-sur-les-courts-de-tennis-de-brisbane-ou-en-est-le-nadal-apres-un-a-dabsence\/\">\n                            Wie weit ist Nadal nach einem Jahr Abwesenheit vor seiner R\u00fcckkehr auf den Tennisplatz in Brisbane gekommen?                    <\/a>\n                <\/h2>\n                                                                                                <\/div><!-- .elementskit-entry-header END -->\n\n                                                                            <div class=\"elementskit-post-footer\">\n                                                                                            <p>W\u00e4hrend der ikonische spanische Champion Rafael Nadal nach einer Zeit der Genesung von einer Verletzung ein fulminantes Comeback feiert, h\u00e4lt die Tenniswelt den Atem an. Als sie sehen, wie ihr Idol die Widrigkeiten \u00fcberwindet und mit unersch\u00fctterlicher Entschlossenheit zur\u00fcckkehrt, atmen die Fans, die sich \u00fcber die j\u00fcngsten Ver\u00e4nderungen in Nadals Karriere Sorgen gemacht haben, endlich erleichtert auf.<\/p>\n                                                                                                                                <\/div><!-- .elementskit-post-footer END -->\n                                                                    <\/div><!-- .elementskit-post-body END -->\n                            <\/div>\n                        <\/div>\n                    <\/div><!-- .elementskit-blog-block-post .radius .gradient-bg END -->\n                \n            <\/div>\t\t\t\t\n\n            <div class=\"col-md-12\">\n\n                                    <div class=\"elementskit-blog-block-post\">\n                        <div class=\"row no-gutters\">\n                                                            <div class=\"col-md-6 order-1\">\n                                    <a href=\"https:\/\/agadir-tennis.com\/de\/soleil-agadir-tennis\/\" class=\"elementskit-entry-thumb\">\n                                        <img decoding=\"async\" src=\"https:\/\/agadir-tennis.com\/wp-content\/uploads\/2023\/12\/post1-1024x538.webp\" alt=\"D\u00e9couvrez le charme d&rsquo;agadir et jouez au tennis \u00e0 Club agadir tennis !\">\n                                    <\/a><!-- .elementskit-entry-thumb END -->\n                                <\/div>\n                            \n                            <div class=\"col-md-6 order-2\">\n                                <div class=\"elementskit-post-body\">\n                                    <div class=\"elementskit-entry-header\">\n                                        \n                                                                                                                                                                        \n                                            \n                                            \t\t\t\t\t\t\t\t\t\t\t\t                <h2 class=\"entry-title\">\n                    <a href=\"https:\/\/agadir-tennis.com\/de\/soleil-agadir-tennis\/\">\n                            Entdecken Sie den Charme von Agadir und spielen Sie Tennis im Club agadir tennis!                    <\/a>\n                <\/h2>\n                                                                                                <\/div><!-- .elementskit-entry-header END -->\n\n                                                                            <div class=\"elementskit-post-footer\">\n                                                                                            <p>Willkommen in Agadir, der Perle des marokkanischen Ozeans! Wenn Sie einen Ort suchen, an dem die Sonne das ganze Jahr \u00fcber scheint und Sie Ihr Tennisspiel verbessern k\u00f6nnen, sind Sie hier genau richtig. Zus\u00e4tzlich zu seinem au\u00dfergew\u00f6hnlich milden Klima verf\u00fcgt Agadir \u00fcber erstklassige Tennisanlagen bei Tennis Agadir Training.<\/p>\n                                                                                                                                <\/div><!-- .elementskit-post-footer END -->\n                                                                    <\/div><!-- .elementskit-post-body END -->\n                            <\/div>\n                        <\/div>\n                    <\/div><!-- .elementskit-blog-block-post .radius .gradient-bg END -->\n                \n            <\/div>\t\t\t\t        <\/div>\n\n\n        <\/div>\t\t\t\t<\/div>\n\t\t\t\t\t<\/div>\n\t\t\t\t<\/div>\n\t\t\t\t<\/div>","protected":false},"excerpt":{"rendered":"<p>Avant son grand retour sur les courts de tennis de Brisbane, o\u00f9 en est le nadal apr\u00e8s un a d&rsquo;absence? Alors que le champion espagnol embl\u00e9matique Rafael Nadal fait un retour \u00e9clatant apr\u00e8s une p\u00e9riode de convalescence suite \u00e0 une blessure, le monde du tennis retient son souffle. En voyant leur idole surmonter l&rsquo;adversit\u00e9 et [&hellip;] <\/p>\n","protected":false},"author":1,"featured_media":0,"parent":0,"menu_order":0,"comment_status":"closed","ping_status":"closed","template":"","meta":{"footnotes":""},"class_list":["post-2321","page","type-page","status-publish","hentry"],"_links":{"self":[{"href":"https:\/\/agadir-tennis.com\/de\/wp-json\/wp\/v2\/pages\/2321","targetHints":{"allow":["GET"]}}],"collection":[{"href":"https:\/\/agadir-tennis.com\/de\/wp-json\/wp\/v2\/pages"}],"about":[{"href":"https:\/\/agadir-tennis.com\/de\/wp-json\/wp\/v2\/types\/page"}],"author":[{"embeddable":true,"href":"https:\/\/agadir-tennis.com\/de\/wp-json\/wp\/v2\/users\/1"}],"replies":[{"embeddable":true,"href":"https:\/\/agadir-tennis.com\/de\/wp-json\/wp\/v2\/comments?post=2321"}],"version-history":[{"count":0,"href":"https:\/\/agadir-tennis.com\/de\/wp-json\/wp\/v2\/pages\/2321\/revisions"}],"wp:attachment":[{"href":"https:\/\/agadir-tennis.com\/de\/wp-json\/wp\/v2\/media?parent=2321"}],"curies":[{"name":"wp","href":"https:\/\/api.w.org\/{rel}","templated":true}]}}