{"id":1164,"date":"2023-12-19T00:06:34","date_gmt":"2023-12-18T23:06:34","guid":{"rendered":"https:\/\/agadir-tennis.com\/?page_id=1164"},"modified":"2023-12-26T03:19:41","modified_gmt":"2023-12-26T02:19:41","slug":"donnees-personnelles-rgpd","status":"publish","type":"page","link":"https:\/\/agadir-tennis.com\/de\/donnees-personnelles-rgpd\/","title":{"rendered":"Pers\u00f6nliche Daten (DSGVO)"},"content":{"rendered":"<div data-elementor-type=\"wp-page\" data-elementor-id=\"1164\" class=\"elementor elementor-1164\" data-elementor-post-type=\"page\">\n\t\t\t\t<div class=\"elementor-element elementor-element-6f1f23b e-flex e-con-boxed e-con e-parent\" data-id=\"6f1f23b\" data-element_type=\"container\" data-e-type=\"container\" data-settings=\"{&quot;ekit_has_onepagescroll_dot&quot;:&quot;yes&quot;}\">\n\t\t\t\t\t<div class=\"e-con-inner\">\n\t\t\t\t<div class=\"elementor-element elementor-element-eb9f957 elementor-widget__width-initial elementor-widget elementor-widget-elementskit-heading\" data-id=\"eb9f957\" data-element_type=\"widget\" data-e-type=\"widget\" data-settings=\"{&quot;ekit_we_effect_on&quot;:&quot;none&quot;}\" data-widget_type=\"elementskit-heading.default\">\n\t\t\t\t\t<div class=\"ekit-wid-con\" ><div class=\"ekit-heading elementskit-section-title-wraper text_center   ekit_heading_tablet-   ekit_heading_mobile-\"><div class=\"ekit_heading_separetor_wraper ekit_heading_elementskit-border-divider elementskit-style-long\"><div class=\"elementskit-border-divider elementskit-style-long\"><\/div><\/div><h2 class=\"ekit-heading--title elementskit-section-title\">Umgang mit pers\u00f6nlichen Daten (rgpd)<\/h2><\/div><\/div>\t\t\t\t<\/div>\n\t\t\t\t\t<\/div>\n\t\t\t\t<\/div>\n\t\t<div class=\"elementor-element elementor-element-e118bec e-flex e-con-boxed e-con e-parent\" data-id=\"e118bec\" data-element_type=\"container\" data-e-type=\"container\" data-settings=\"{&quot;ekit_has_onepagescroll_dot&quot;:&quot;yes&quot;}\">\n\t\t\t\t\t<div class=\"e-con-inner\">\n\t\t\t\t<div class=\"elementor-element elementor-element-fa68255 elementor-widget elementor-widget-text-editor\" data-id=\"fa68255\" data-element_type=\"widget\" data-e-type=\"widget\" data-settings=\"{&quot;ekit_we_effect_on&quot;:&quot;none&quot;}\" data-widget_type=\"text-editor.default\">\n\t\t\t\t\t\t\t\t\t<p>Diese Datenschutzrichtlinie erl\u00e4utert, wie der Tennis Club Agadir Training personenbezogene Daten gem\u00e4\u00df der Allgemeinen Datenschutzverordnung (DSGVO) auf seiner Website verwaltet. <a href=\"https:\/\/agadir-tennis.com\/de\/\" target=\"_new\">www.agadir-tennis.com<\/a>. Wir sind entschlossen, Ihre Privatsph\u00e4re zu sch\u00fctzen und die Vertraulichkeit und Sicherheit Ihrer personenbezogenen Daten zu gew\u00e4hrleisten.<\/p><p><strong>1. Erhebung und Verwendung personenbezogener Daten :<\/strong><\/p><p>Wir erheben personenbezogene Daten auf transparente und rechtm\u00e4\u00dfige Weise und nur zu den ausdr\u00fccklich genannten Zwecken. Zu den gesammelten Daten k\u00f6nnen unter anderem Ihr Name, Ihre E-Mail-Adresse, Telefonnummer und Informationen \u00fcber Ihre Mitgliedschaft im Tennis Club Agadir Training geh\u00f6ren.<\/p><p>Wir verwenden diese Daten, um Ihre Mitgliedschaft zu verwalten, Sie \u00fcber unsere Aktivit\u00e4ten zu informieren, unsere Website zu verbessern und auf Ihre Anfragen zu antworten.<\/p><p><strong>2. Rechtsgrundlage der Verarbeitung :<\/strong><\/p><p>Wir verarbeiten Ihre personenbezogenen Daten auf der Grundlage einer der in der DSGVO vorgesehenen Rechtsgrundlagen, insbesondere wenn die Verarbeitung f\u00fcr die Erf\u00fcllung eines Vertrags, die Erf\u00fcllung einer rechtlichen Verpflichtung, den Schutz lebenswichtiger Interessen, die Einwilligung der betroffenen Person, die Wahrnehmung einer Aufgabe, die im \u00f6ffentlichen Interesse liegt oder in Aus\u00fcbung \u00f6ffentlicher Gewalt erfolgt, oder f\u00fcr die Zwecke der vom Tennis Club Agadir Training verfolgten legitimen Interessen erforderlich ist.<\/p><p><strong>3. Aufbewahrung der Daten :<\/strong><\/p><p>Wir bewahren Ihre personenbezogenen Daten so lange auf, wie es f\u00fcr die Zwecke, f\u00fcr die sie erhoben wurden, und in \u00dcbereinstimmung mit unseren gesetzlichen Verpflichtungen erforderlich ist.<\/p><p><strong>4. Datensicherheit :<\/strong><\/p><p>Wir setzen angemessene technische und organisatorische Sicherheitsma\u00dfnahmen ein, um Ihre personenbezogenen Daten vor unbefugtem Zugriff, Offenlegung, \u00c4nderung oder Zerst\u00f6rung zu sch\u00fctzen.<\/p><p><strong>5. Rechte der Betroffenen :<\/strong><\/p><p>Sie haben das Recht, auf Ihre personenbezogenen Daten zuzugreifen, sie zu berichtigen, zu l\u00f6schen, ihre Verarbeitung einzuschr\u00e4nken, sich der Verarbeitung zu widersetzen und die \u00dcbertragbarkeit Ihrer Daten zu verlangen. Sie haben auch das Recht, Ihre Einwilligung zu widerrufen, wenn die Verarbeitung auf der Einwilligung beruht.<\/p><p><strong>6. Cookies und \u00e4hnliche Technologien :<\/strong><\/p><p>In unseren Cookie-Richtlinien finden Sie weitere Informationen \u00fcber die Verwendung von Cookies auf unserer Website.<\/p><p><strong>7. Links zu Websites Dritter :<\/strong><\/p><p>Unsere Website kann Links zu Websites von Drittanbietern enthalten. Wir sind nicht f\u00fcr die Datenschutzpraktiken dieser Websites verantwortlich und empfehlen Ihnen, deren Datenschutzrichtlinien zu lesen.<\/p><p><strong>Kontakt:<\/strong><\/p><p>Wenn Sie Fragen oder Bedenken zu dieser Datenschutzrichtlinie haben, kontaktieren Sie uns bitte unter folgender Adresse: hello@agadir-tennis.com .<\/p><p>Letzte Aktualisierung: 18.12.2023<\/p><p>Wir danken Ihnen f\u00fcr Ihr Vertrauen und Ihr Verst\u00e4ndnis.<\/p><p>Tennis Club Agadir Training<br \/><em>www.agadir-tennis.com<\/em><\/p>\t\t\t\t\t\t\t\t<\/div>\n\t\t\t\t\t<\/div>\n\t\t\t\t<\/div>\n\t\t\t\t<\/div>","protected":false},"excerpt":{"rendered":"<p>Gestion des donn\u00e9es personnelles (rgpd) La pr\u00e9sente Politique de Confidentialit\u00e9 explique comment le Club Tennis Agadir Training g\u00e8re les donn\u00e9es personnelles conform\u00e9ment au R\u00e8glement G\u00e9n\u00e9ral sur la Protection des Donn\u00e9es (RGPD) sur son site web www.agadir-tennis.com. Nous sommes d\u00e9termin\u00e9s \u00e0 prot\u00e9ger votre vie priv\u00e9e et \u00e0 garantir la confidentialit\u00e9 et la s\u00e9curit\u00e9 de vos donn\u00e9es [&hellip;]<\/p>\n","protected":false},"author":1,"featured_media":0,"parent":0,"menu_order":2,"comment_status":"closed","ping_status":"closed","template":"elementor_header_footer","meta":{"footnotes":""},"class_list":["post-1164","page","type-page","status-publish","hentry"],"_links":{"self":[{"href":"https:\/\/agadir-tennis.com\/de\/wp-json\/wp\/v2\/pages\/1164","targetHints":{"allow":["GET"]}}],"collection":[{"href":"https:\/\/agadir-tennis.com\/de\/wp-json\/wp\/v2\/pages"}],"about":[{"href":"https:\/\/agadir-tennis.com\/de\/wp-json\/wp\/v2\/types\/page"}],"author":[{"embeddable":true,"href":"https:\/\/agadir-tennis.com\/de\/wp-json\/wp\/v2\/users\/1"}],"replies":[{"embeddable":true,"href":"https:\/\/agadir-tennis.com\/de\/wp-json\/wp\/v2\/comments?post=1164"}],"version-history":[{"count":0,"href":"https:\/\/agadir-tennis.com\/de\/wp-json\/wp\/v2\/pages\/1164\/revisions"}],"wp:attachment":[{"href":"https:\/\/agadir-tennis.com\/de\/wp-json\/wp\/v2\/media?parent=1164"}],"curies":[{"name":"wp","href":"https:\/\/api.w.org\/{rel}","templated":true}]}}