{"id":1152,"date":"2023-12-19T00:03:20","date_gmt":"2023-12-18T23:03:20","guid":{"rendered":"https:\/\/agadir-tennis.com\/?page_id=1152"},"modified":"2024-01-01T03:33:21","modified_gmt":"2024-01-01T02:33:21","slug":"cookies","status":"publish","type":"page","link":"https:\/\/agadir-tennis.com\/de\/cookies\/","title":{"rendered":"Cookies"},"content":{"rendered":"<div data-elementor-type=\"wp-page\" data-elementor-id=\"1152\" class=\"elementor elementor-1152\" data-elementor-post-type=\"page\">\n\t\t\t\t<div class=\"elementor-element elementor-element-ffc7a28 e-flex e-con-boxed e-con e-parent\" data-id=\"ffc7a28\" data-element_type=\"container\" data-e-type=\"container\" data-settings=\"{&quot;ekit_has_onepagescroll_dot&quot;:&quot;yes&quot;}\">\n\t\t\t\t\t<div class=\"e-con-inner\">\n\t\t\t\t<div class=\"elementor-element elementor-element-3f6d286 elementor-widget__width-initial elementor-widget elementor-widget-elementskit-heading\" data-id=\"3f6d286\" data-element_type=\"widget\" data-e-type=\"widget\" data-settings=\"{&quot;ekit_we_effect_on&quot;:&quot;none&quot;}\" data-widget_type=\"elementskit-heading.default\">\n\t\t\t\t\t<div class=\"ekit-wid-con\" ><div class=\"ekit-heading elementskit-section-title-wraper text_center   ekit_heading_tablet-   ekit_heading_mobile-\"><div class=\"ekit_heading_separetor_wraper ekit_heading_elementskit-border-divider elementskit-style-long\"><div class=\"elementskit-border-divider elementskit-style-long\"><\/div><\/div><h2 class=\"ekit-heading--title elementskit-section-title\">Cookie-Richtlinie des Tennis Club Agadir Training<\/h2><\/div><\/div>\t\t\t\t<\/div>\n\t\t\t\t\t<\/div>\n\t\t\t\t<\/div>\n\t\t<div class=\"elementor-element elementor-element-0f54559 e-flex e-con-boxed e-con e-parent\" data-id=\"0f54559\" data-element_type=\"container\" data-e-type=\"container\" data-settings=\"{&quot;ekit_has_onepagescroll_dot&quot;:&quot;yes&quot;}\">\n\t\t\t\t\t<div class=\"e-con-inner\">\n\t\t\t\t<div class=\"elementor-element elementor-element-4601b2f elementor-widget elementor-widget-text-editor\" data-id=\"4601b2f\" data-element_type=\"widget\" data-e-type=\"widget\" data-settings=\"{&quot;ekit_we_effect_on&quot;:&quot;none&quot;}\" data-widget_type=\"text-editor.default\">\n\t\t\t\t\t\t\t\t\t<p>Diese Datenschutzrichtlinie soll Sie dar\u00fcber informieren, wie der Club Tennis Agadir Training die pers\u00f6nlichen Daten, die Sie uns \u00fcber die Website www.agadir-tennis.com zur Verf\u00fcgung stellen, sammelt, verwendet, weitergibt und sch\u00fctzt. Wir legen gro\u00dfen Wert auf den Schutz Ihrer Privatsph\u00e4re und verpflichten uns, Ihre Daten auf transparente und sichere Weise zu verarbeiten.<\/p><p>Durch die Nutzung unserer Website erkl\u00e4ren Sie sich mit den Bedingungen dieser Datenschutzrichtlinie einverstanden.<\/p><p><strong>Erhebung personenbezogener Daten :<\/strong><\/p><p>Wenn Sie unsere Website besuchen, k\u00f6nnen wir pers\u00f6nliche Daten wie Ihren Namen, Ihre E-Mail-Adresse, Ihre Telefonnummer und andere \u00e4hnliche Daten erfassen, die Sie uns freiwillig zur Verf\u00fcgung stellen.<\/p><p><strong>Verwendung Pers\u00f6nlicher Informationen :<\/strong><\/p><p>Wir verwenden die gesammelten personenbezogenen Daten f\u00fcr die folgenden Zwecke:<\/p><p>Verwaltung Ihrer Mitgliedschaft im Tennis Club Agadir Training.<br \/>Versenden von Informationen zu Veranstaltungen, Kursen, Praktika und anderen Aktivit\u00e4ten des Clubs.<br \/>Beantwortung Ihrer Informations- oder Kontaktanfragen.<br \/>Verbesserung unserer Website und unserer Dienstleistungen.<\/p><p><strong>Schutz personenbezogener Daten :<\/strong><\/p><p>Wir setzen angemessene Sicherheitsma\u00dfnahmen ein, um Ihre personenbezogenen Daten vor unbefugtem Zugriff, Offenlegung, \u00c4nderung oder Zerst\u00f6rung zu sch\u00fctzen.<\/p><p><strong>Weitergabe personenbezogener Informationen :<\/strong><\/p><p>Wir verkaufen, vermieten oder teilen Ihre pers\u00f6nlichen Daten nicht mit Dritten, au\u00dfer in den folgenden F\u00e4llen:<\/p><p>Wenn dies erforderlich ist, um Ihre Anfragen zu beantworten oder von Ihnen angeforderte Dienstleistungen zu erbringen.<br \/>Wenn wir von den zust\u00e4ndigen Beh\u00f6rden gesetzlich dazu verpflichtet werden.<br \/>Mit Ihrer ausdr\u00fccklichen Zustimmung.<br \/><strong>Cookies und \u00c4hnliche Technologien :<\/strong><\/p><p>Unsere Website kann Cookies und andere \u00e4hnliche Technologien verwenden, um Ihre Online-Erfahrung zu verbessern. Sie haben die M\u00f6glichkeit, Ihren Browser so einzustellen, dass er Cookies ablehnt. Dies k\u00f6nnte jedoch einige Funktionen unserer Website beeintr\u00e4chtigen.<\/p><p><strong>Links zu Websites Dritter :<\/strong><\/p><p>Unsere Website kann Links zu Websites von Drittanbietern enthalten. Diese Datenschutzrichtlinie gilt nicht f\u00fcr diese Websites, und wir empfehlen Ihnen, die Datenschutzrichtlinien dieser Dritten zu lesen.<\/p><p><strong>\u00c4nderung der Datenschutzrichtlinie :<\/strong><\/p><p>Wir behalten uns das Recht vor, diese Datenschutzrichtlinie jederzeit zu aktualisieren oder zu \u00e4ndern. \u00c4nderungen werden auf dieser Seite ver\u00f6ffentlicht, und das Datum der letzten Aktualisierung wird oben auf der Seite angegeben.<\/p><p><strong>Kontakt:<\/strong><\/p><p>Wenn Sie Fragen oder Bedenken zu dieser Datenschutzrichtlinie haben, kontaktieren Sie uns bitte unter folgender Adresse: hello@agadir-tennis.com .<\/p><p>Letzte Aktualisierung: 18.12.2023<\/p><p>Wir danken Ihnen f\u00fcr Ihr Vertrauen und Ihr Verst\u00e4ndnis.<\/p><p>Tennis Club Agadir Training<br \/><em>www.agadir-tennis.com<\/em><\/p>\t\t\t\t\t\t\t\t<\/div>\n\t\t\t\t\t<\/div>\n\t\t\t\t<\/div>\n\t\t\t\t<\/div>","protected":false},"excerpt":{"rendered":"<p>Politique en mati\u00e8re de Cookies du Club Tennis Agadir Training La pr\u00e9sente Politique de Confidentialit\u00e9 a pour objectif de vous informer sur la mani\u00e8re dont le Club Tennis Agadir Training collecte, utilise, partage et prot\u00e8ge les donn\u00e9es personnelles que vous nous fournissez via le site web www.agadir-tennis.com. Nous attachons une grande importance \u00e0 la protection [&hellip;]<\/p>\n","protected":false},"author":1,"featured_media":0,"parent":0,"menu_order":3,"comment_status":"closed","ping_status":"closed","template":"elementor_header_footer","meta":{"footnotes":""},"class_list":["post-1152","page","type-page","status-publish","hentry"],"_links":{"self":[{"href":"https:\/\/agadir-tennis.com\/de\/wp-json\/wp\/v2\/pages\/1152","targetHints":{"allow":["GET"]}}],"collection":[{"href":"https:\/\/agadir-tennis.com\/de\/wp-json\/wp\/v2\/pages"}],"about":[{"href":"https:\/\/agadir-tennis.com\/de\/wp-json\/wp\/v2\/types\/page"}],"author":[{"embeddable":true,"href":"https:\/\/agadir-tennis.com\/de\/wp-json\/wp\/v2\/users\/1"}],"replies":[{"embeddable":true,"href":"https:\/\/agadir-tennis.com\/de\/wp-json\/wp\/v2\/comments?post=1152"}],"version-history":[{"count":0,"href":"https:\/\/agadir-tennis.com\/de\/wp-json\/wp\/v2\/pages\/1152\/revisions"}],"wp:attachment":[{"href":"https:\/\/agadir-tennis.com\/de\/wp-json\/wp\/v2\/media?parent=1152"}],"curies":[{"name":"wp","href":"https:\/\/api.w.org\/{rel}","templated":true}]}}