{"id":1143,"date":"2023-12-18T23:56:26","date_gmt":"2023-12-18T22:56:26","guid":{"rendered":"https:\/\/agadir-tennis.com\/?page_id=1143"},"modified":"2023-12-26T03:20:27","modified_gmt":"2023-12-26T02:20:27","slug":"politique-de-confidentialite","status":"publish","type":"page","link":"https:\/\/agadir-tennis.com\/de\/politique-de-confidentialite\/","title":{"rendered":"Datenschutzrichtlinie"},"content":{"rendered":"<div data-elementor-type=\"wp-page\" data-elementor-id=\"1143\" class=\"elementor elementor-1143\" data-elementor-post-type=\"page\">\n\t\t\t\t<div class=\"elementor-element elementor-element-c84c615 e-flex e-con-boxed e-con e-parent\" data-id=\"c84c615\" data-element_type=\"container\" data-e-type=\"container\" data-settings=\"{&quot;ekit_has_onepagescroll_dot&quot;:&quot;yes&quot;}\">\n\t\t\t\t\t<div class=\"e-con-inner\">\n\t\t\t\t<div class=\"elementor-element elementor-element-3c86c96 elementor-widget__width-initial elementor-widget elementor-widget-elementskit-heading\" data-id=\"3c86c96\" data-element_type=\"widget\" data-e-type=\"widget\" data-settings=\"{&quot;ekit_we_effect_on&quot;:&quot;none&quot;}\" data-widget_type=\"elementskit-heading.default\">\n\t\t\t\t\t<div class=\"ekit-wid-con\" ><div class=\"ekit-heading elementskit-section-title-wraper text_center   ekit_heading_tablet-   ekit_heading_mobile-\"><div class=\"ekit_heading_separetor_wraper ekit_heading_elementskit-border-divider elementskit-style-long\"><div class=\"elementskit-border-divider elementskit-style-long\"><\/div><\/div><h2 class=\"ekit-heading--title elementskit-section-title\">Verwaltung der Cookies des Tennis Club Agadir Training<\/h2><\/div><\/div>\t\t\t\t<\/div>\n\t\t\t\t\t<\/div>\n\t\t\t\t<\/div>\n\t\t<div class=\"elementor-element elementor-element-99127e7 e-flex e-con-boxed e-con e-parent\" data-id=\"99127e7\" data-element_type=\"container\" data-e-type=\"container\" data-settings=\"{&quot;ekit_has_onepagescroll_dot&quot;:&quot;yes&quot;}\">\n\t\t\t\t\t<div class=\"e-con-inner\">\n\t\t\t\t<div class=\"elementor-element elementor-element-65d25e7 elementor-widget elementor-widget-text-editor\" data-id=\"65d25e7\" data-element_type=\"widget\" data-e-type=\"widget\" data-settings=\"{&quot;ekit_we_effect_on&quot;:&quot;none&quot;}\" data-widget_type=\"text-editor.default\">\n\t\t\t\t\t\t\t\t\t<p>Diese Cookie-Richtlinie erl\u00e4utert, wie der Tennis Club Agadir Training Cookies und \u00e4hnliche Technologien auf seiner Website verwendet. <a href=\"https:\/\/agadir-tennis.com\/de\/\" target=\"_new\">www.agadir-tennis.com<\/a>. Durch die Nutzung unserer Website erkl\u00e4ren Sie sich mit der Verwendung von Cookies gem\u00e4\u00df dieser Richtlinie einverstanden.<\/p><p><strong>Was ist ein Cookie?<\/strong><\/p><p>Ein Cookie ist eine kleine Textdatei, die auf Ihrem Computer oder Mobilger\u00e4t gespeichert wird, wenn Sie eine Website besuchen. Cookies werden h\u00e4ufig verwendet, um Websites effektiver zu gestalten und Ihre Nutzererfahrung zu verbessern, indem die Website sich an Sie erinnert, entweder f\u00fcr die Dauer Ihres Besuchs (Sitzungscookies) oder f\u00fcr wiederholte Besuche (dauerhafte Cookies).<\/p><p><strong>Wie verwenden wir Cookies?<\/strong><\/p><p>Wir verwenden Cookies f\u00fcr verschiedene Zwecke, unter anderem um :<\/p><ul><li>Sicherstellung des ordnungsgem\u00e4\u00dfen Betriebs unserer Website.<\/li><li>Analyse der Art und Weise, wie Nutzer mit unserer Website interagieren, um den Inhalt und die Benutzerfreundlichkeit zu verbessern.<\/li><li>Personalisierung Ihres Surferlebnisses durch Speicherung Ihrer Pr\u00e4ferenzen.<\/li><\/ul><p><strong>Verwendete Cookie-Typen :<\/strong><\/p><ol><li><p><strong>Essentielle Cookies :<\/strong> Diese Cookies sind notwendig, damit unsere Website funktioniert. Sie umfassen z. B. Cookies, die es Ihnen erm\u00f6glichen, sich in sichere Bereiche unserer Website einzuloggen.<\/p><\/li><li><p><strong>Analytische Cookies :<\/strong> Diese Cookies helfen uns zu verstehen, wie Besucher mit unserer Website interagieren, indem sie anonymisierte Informationen sammeln. Dadurch k\u00f6nnen wir unsere Website st\u00e4ndig verbessern.<\/p><\/li><li><p><strong>Personalisierungs-Cookies :<\/strong> Diese Cookies werden verwendet, um sich Ihre Pr\u00e4ferenzen, wie z. B. die Sprache, zu merken und Ihre Erfahrung pers\u00f6nlicher zu gestalten.<\/p><\/li><\/ol><p><strong>Verwaltung von Cookies :<\/strong><\/p><p>Sie k\u00f6nnen w\u00e4hlen, ob Sie Cookies akzeptieren oder ablehnen wollen. Die meisten Browser akzeptieren Cookies automatisch, aber Sie k\u00f6nnen die Einstellungen Ihres Browsers in der Regel so \u00e4ndern, dass Sie Cookies ablehnen, wenn Sie dies bevorzugen. Dies kann jedoch Ihre Erfahrung beim Surfen auf unserer Website beeintr\u00e4chtigen.<\/p><p><strong>Links zu Websites Dritter :<\/strong><\/p><p>Unsere Website kann Links zu Websites von Drittanbietern enthalten. Wir haben keine Kontrolle \u00fcber diese Websites und sind nicht f\u00fcr ihre Cookie-Richtlinien verantwortlich. Wir empfehlen Ihnen, die Datenschutzrichtlinien der von Ihnen besuchten Websites von Drittanbietern zu lesen.<\/p><p><strong>\u00c4nderungen der Cookie-Richtlinie :<\/strong><\/p><p>Wir behalten uns das Recht vor, diese Cookie-Richtlinie jederzeit zu \u00e4ndern. \u00c4nderungen werden auf dieser Seite mit einem Hinweis auf das Datum der letzten Aktualisierung ver\u00f6ffentlicht.<\/p><p><strong>Kontakt:<\/strong><\/p><p>Wenn Sie Fragen oder Bedenken zu dieser Datenschutzrichtlinie haben, kontaktieren Sie uns bitte unter folgender Adresse: hello@agadir-tennis.com .<\/p><p>Letzte Aktualisierung: 18.12.2023<\/p><p>Wir danken Ihnen f\u00fcr Ihr Vertrauen und Ihr Verst\u00e4ndnis.<\/p><p>Tennis Club Agadir Training<br \/><em>www.agadir-tennis.com<\/em><\/p>\t\t\t\t\t\t\t\t<\/div>\n\t\t\t\t\t<\/div>\n\t\t\t\t<\/div>\n\t\t\t\t<\/div>","protected":false},"excerpt":{"rendered":"<p>Gestion des Cookies du Club Tennis Agadir Training La pr\u00e9sente Politique en mati\u00e8re de Cookies explique comment le Club Tennis Agadir Training utilise des cookies et des technologies similaires sur son site web www.agadir-tennis.com. En utilisant notre site web, vous consentez \u00e0 l&rsquo;utilisation de cookies conform\u00e9ment \u00e0 cette politique. Qu&rsquo;est-ce qu&rsquo;un Cookie ? Un cookie [&hellip;]<\/p>\n","protected":false},"author":1,"featured_media":0,"parent":0,"menu_order":4,"comment_status":"closed","ping_status":"closed","template":"elementor_header_footer","meta":{"footnotes":""},"class_list":["post-1143","page","type-page","status-publish","hentry"],"_links":{"self":[{"href":"https:\/\/agadir-tennis.com\/de\/wp-json\/wp\/v2\/pages\/1143","targetHints":{"allow":["GET"]}}],"collection":[{"href":"https:\/\/agadir-tennis.com\/de\/wp-json\/wp\/v2\/pages"}],"about":[{"href":"https:\/\/agadir-tennis.com\/de\/wp-json\/wp\/v2\/types\/page"}],"author":[{"embeddable":true,"href":"https:\/\/agadir-tennis.com\/de\/wp-json\/wp\/v2\/users\/1"}],"replies":[{"embeddable":true,"href":"https:\/\/agadir-tennis.com\/de\/wp-json\/wp\/v2\/comments?post=1143"}],"version-history":[{"count":0,"href":"https:\/\/agadir-tennis.com\/de\/wp-json\/wp\/v2\/pages\/1143\/revisions"}],"wp:attachment":[{"href":"https:\/\/agadir-tennis.com\/de\/wp-json\/wp\/v2\/media?parent=1143"}],"curies":[{"name":"wp","href":"https:\/\/api.w.org\/{rel}","templated":true}]}}